{"id":2179,"date":"2019-10-14T11:13:48","date_gmt":"2019-10-14T09:13:48","guid":{"rendered":"https:\/\/nnm-brandenburg.de\/nnm\/?page_id=2179"},"modified":"2023-07-18T12:42:25","modified_gmt":"2023-07-18T10:42:25","slug":"intersonanzen","status":"publish","type":"page","link":"https:\/\/nnm-brandenburg.de\/index.php\/netzwerk\/festivals\/intersonanzen\/","title":{"rendered":"intersonanzen"},"content":{"rendered":"\n<div class=\"alignnormal\"><div id=\"metaslider-id-3018\" style=\"max-width: 800px;\" class=\"ml-slider-3-108-0 metaslider metaslider-flex metaslider-3018 ml-slider has-dots-nav ms-theme-default\" role=\"region\" aria-label=\"Intersonanzen\" data-height=\"400\" data-width=\"800\">\n    <div id=\"metaslider_container_3018\">\n        <div id=\"metaslider_3018\">\n            <ul class=\"slides\">\n                <li style=\"display: block; width: 100%;\" class=\"slide-3019 ms-image \" aria-roledescription=\"slide\" data-date=\"2020-01-27 09:53:55\" data-filename=\"Intersonanzen-2019-Ensemble-Uroboros-London-scaled-800x400.jpg\" data-slide-type=\"image\"><img decoding=\"async\" src=\"https:\/\/nnm-brandenburg.de\/wp-content\/uploads\/2019\/12\/Intersonanzen-2019-Ensemble-Uroboros-London-scaled-800x400.jpg\" height=\"400\" width=\"800\" alt class=\"slider-3018 slide-3019 msDefaultImage\" title=\"intersonanzen |  \u00a9 C. Maurer\"><\/li>\n                <li style=\"display: none; width: 100%;\" class=\"slide-3021 ms-image \" aria-roledescription=\"slide\" data-date=\"2020-01-27 09:54:25\" data-filename=\"intersonanzen2019.BauerDrescher-800x400.jpg\" data-slide-type=\"image\"><img decoding=\"async\" src=\"https:\/\/nnm-brandenburg.de\/wp-content\/uploads\/2020\/01\/intersonanzen2019.BauerDrescher-800x400.jpg\" height=\"400\" width=\"800\" alt class=\"slider-3018 slide-3021 msDefaultImage\" title=\"intersonanzen |  \u00a9 C. Maurer\"><\/li>\n                <li style=\"display: none; width: 100%;\" class=\"slide-3023 ms-image \" aria-roledescription=\"slide\" data-date=\"2020-01-27 09:55:27\" data-filename=\"Intersonanzen-2019-Cathy-Levine-scaled-800x400.jpg\" data-slide-type=\"image\"><img decoding=\"async\" src=\"https:\/\/nnm-brandenburg.de\/wp-content\/uploads\/2020\/01\/Intersonanzen-2019-Cathy-Levine-scaled-800x400.jpg\" height=\"400\" width=\"800\" alt class=\"slider-3018 slide-3023 msDefaultImage\" title=\"intersonanzen |  \u00a9 C. Maurer\"><\/li>\n            <\/ul>\n        <\/div>\n        \n    <\/div>\n<\/div><\/div>\n\n\n\n<div style=\"height:30px\" aria-hidden=\"true\" class=\"wp-block-spacer\"><\/div>\n\n\n\n<p class=\"block\">Das Bran\u00adden\u00adbur\u00adgi\u00adsche Fest der Neu\u00aden Musik <em>inter\u00adso\u00adnan\u00adzen<\/em> wur\u00adde vom BVNM e.V. im Jahr 2000 gegr\u00fcn\u00addet und fin\u00addet seit\u00addem j\u00e4hr\u00adlich an ver\u00adschie\u00adde\u00adnen Orten in Pots\u00addam statt. Es gab im Lauf die\u00adser 20 Jah\u00adre ver\u00adschie\u00adde\u00adne Lei\u00adte\u00adrin\u00adnen und Lei\u00adter, die eine wun\u00adder\u00adba\u00adre Viel\u00adfalt unter\u00adschied\u00adlichs\u00adter Kon\u00adzer\u00adte mit Ensem\u00adbles und Solist:innen mit zahl\u00adlo\u00adsen Urauf\u00adf\u00fch\u00adrun\u00adgen in nahe\u00adzu jeder m\u00f6g\u00adli\u00adchen musi\u00adka\u00adli\u00adschen Beset\u00adzung pr\u00e4\u00adsen\u00adtier\u00adten. Zum Jubi\u00adl\u00e4\u00adums\u00adjahr 2020 soll die\u00adse Ent\u00adwick\u00adlung auch doku\u00admen\u00adta\u00adrisch auf\u00adge\u00adar\u00adbei\u00adtet wer\u00adden. Seit 2017 wird das Fes\u00adti\u00adval vom BVNM-Vor\u00adsit\u00adzen\u00adden Tho\u00admas Ger\u00adwin k\u00fcnst\u00adle\u00adrisch gelei\u00adtet, unter\u00adst\u00fctzt von einem mitt\u00adler\u00adwei\u00adle 12-k\u00f6p\u00adfi\u00adgen Team, bei dem sich Jede:r auf bestimm\u00adte Aspek\u00adte und Auf\u00adga\u00adben spezialisiert.&nbsp;<\/p>\n\n\n\n<div class=\"wp-block-columns is-layout-flex wp-container-core-columns-is-layout-9d6595d7 wp-block-columns-is-layout-flex\">\n<div class=\"wp-block-column is-layout-flow wp-block-column-is-layout-flow\">\n<figure class=\"wp-block-image size-large\"><img decoding=\"async\" width=\"956\" height=\"775\" src=\"https:\/\/nnm-brandenburg.de\/nnm\/wp-content\/uploads\/2020\/02\/intersonanzen-Graphik-mit-Rand_bearbeitet.jpg\" alt class=\"wp-image-3296\" srcset=\"https:\/\/nnm-brandenburg.de\/wp-content\/uploads\/2020\/02\/intersonanzen-Graphik-mit-Rand_bearbeitet.jpg 956w, https:\/\/nnm-brandenburg.de\/wp-content\/uploads\/2020\/02\/intersonanzen-Graphik-mit-Rand_bearbeitet-300x243.jpg 300w, https:\/\/nnm-brandenburg.de\/wp-content\/uploads\/2020\/02\/intersonanzen-Graphik-mit-Rand_bearbeitet-768x623.jpg 768w\" sizes=\"(max-width: 956px) 100vw, 956px\"><\/figure>\n<\/div>\n\n\n\n<div class=\"wp-block-column is-layout-flow wp-block-column-is-layout-flow\">\n<div style=\"height:30px\" aria-hidden=\"true\" class=\"wp-block-spacer\"><\/div>\n\n\n\n<p class=\"block\">Seit\u00addem ste\u00adhen auch die <em>inter\u00adso\u00adnan\u00adzen<\/em> unter einem bestimm\u00adten, jeweils neu\u00aden The\u00adma \u2013 wel\u00adches sie, als \u00e4sthe\u00adti\u00adscher Par\u00adcours kon\u00adzi\u00adpiert, mit ver\u00adschie\u00addens\u00adten, auch expe\u00adri\u00admen\u00adtel\u00adlen Kon\u00adzert\u00adfor\u00adma\u00adten, einer Par\u00adti\u00adtu\u00adren- und Klang\u00adkunst\u00adaus\u00adstel\u00adlung, einem Sound\u00adwalk (Dr. Micha\u00adel Schenk) sowie einem eben\u00adfalls regel\u00adm\u00e4\u00ad\u00dfig statt\u00adfin\u00adden\u00adden Sym\u00adpo\u00adsi\u00adum (Prof. Dr. Ulri\u00adke Liedt\u00adke) unter\u00adsu\u00adchen und bespie\u00adlen. Ab 2020 wird au\u00dfer\u00addem noch die Spar\u00adte Neu\u00ades Musik\u00adthea\u00adter ein\u00adbe\u00adzo\u00adgen.  Eben\u00adfalls seit 2017 gibt es eine enge Koope\u00adra\u00adti\u00adon mit dem Kunst\u00adhaus sans tit\u00adre, wo das gesam\u00adte Haus innen und aus\u00adsen in fast allen sei\u00adner, akus\u00adtisch teil\u00adwei\u00adse sehr unter\u00adschied\u00adli\u00adchen R\u00e4um\u00adlich\u00adkei\u00adten bespielt wird. Da die <em>inter\u00adso\u00adnan\u00adzen<\/em> nun regel\u00adm\u00e4\u00ad\u00dfig im Mai in der Woche ab Him\u00admel\u00adfahrt statt\u00adfin\u00adden, gibt es auch die M\u00f6g\u00adlich\u00adkeit, die umlie\u00adgen\u00adden Au\u00dfen\u00adr\u00e4u\u00adme sowie die Pots\u00adda\u00admer Innen\u00adstadt einzubeziehen.&nbsp;<\/p>\n<\/div>\n<\/div>\n\n\n\n<figure class=\"wp-block-embed alignleft is-type-video is-provider-youtube wp-block-embed-youtube wp-embed-aspect-16-9 wp-has-aspect-ratio\"><div class=\"wp-block-embed__wrapper\">\n<iframe loading=\"lazy\" title=\"Intersonanzen 2020\" width=\"790\" height=\"444\" src=\"https:\/\/www.youtube.com\/embed\/v304Sy2E1pQ?feature=oembed\" frameborder=\"0\" allow=\"accelerometer; autoplay; clipboard-write; encrypted-media; gyroscope; picture-in-picture; web-share\" allowfullscreen><\/iframe>\n<\/div><\/figure>\n\n\n\n<div style=\"height:36px\" aria-hidden=\"true\" class=\"wp-block-spacer\"><\/div>\n\n\n\n<p class=\"block\">Gleich\u00adzei\u00adtig strah\u00adlen die <em>inter\u00adso\u00adnan\u00adzen<\/em>\nmit dem Mot\u00adto \u201eNeu\u00ades\u00adte Bran\u00adden\u00adbur\u00adgi\u00adsche Musik im Kon\u00adtext inter\u00adna\u00adtio\u00adna\u00adlen\nReper\u00adtoires\u201c the\u00adma\u00adtisch und mit ihren Publi\u00adka\u00adtio\u00adnen auch bun\u00addes\u00adweit, durch die\nKoope\u00adra\u00adti\u00adon mit jeweils wech\u00adseln\u00adden Part\u00adner\u00adl\u00e4n\u00addern eben\u00adfalls inter\u00adna\u00adtio\u00adnal aus.\nDies geschieht auch ganz kon\u00adkret durch soge\u00adnann\u00adte \u201eBr\u00fc\u00adcken\u00adkon\u00adzer\u00adte\u201c in deren\nRah\u00admen aus\u00adge\u00adw\u00e4hl\u00adte Kon\u00adzer\u00adte des Fes\u00adti\u00advals noch\u00admals an ande\u00adren, auch\ninter\u00adna\u00adtio\u00adna\u00adlen Orten auf\u00adge\u00adf\u00fchrt werden.&nbsp;<\/p>\n\n\n\n<p>Kon\u00adtakt: <a rel=\"noreferrer noopener\" aria-label=\"www.neue-musik-brandenburg.de (\u00f6ffnet in neuem Tab)\" style=\"text-decoration: none;\" href=\"http:\/\/www.neue-musik-brandenburg.de\" target=\"_blank\">inter\u00adso\u00adnan\u00adzen<\/a><\/p>\n\n\n\n<div style=\"height:150px\" aria-hidden=\"true\" class=\"wp-block-spacer\"><\/div>\n","protected":false},"excerpt":{"rendered":"<p>Das Bran\u00adden\u00adbur\u00adgi\u00adsche Fest der Neu\u00aden Musik inter\u00adso\u00adnan\u00adzen wur\u00adde vom BVNM e.V. im Jahr 2000 gegr\u00fcn\u00addet und fin\u00addet seit\u00addem j\u00e4hr\u00adlich an ver\u00adschie\u00adde\u00adnen Orten in Pots\u00addam statt. Es gab im Lauf die\u00adser 20 Jah\u00adre ver\u00adschie\u00adde\u00adne Lei\u00adte\u00adrin\u00adnen und Lei\u00adter, die eine wun\u00adder\u00adba\u00adre Viel\u00adfalt unter\u00adschied\u00adlichs\u00adter Kon\u00adzer\u00adte mit Ensem\u00adbles und Solist:innen mit zahl\u00adlo\u00adsen Urauf\u00adf\u00fch\u00adrun\u00adgen&nbsp;in\u2026&nbsp;<\/p>\n","protected":false},"author":1,"featured_media":0,"parent":2213,"menu_order":0,"comment_status":"closed","ping_status":"closed","template":"","meta":{"wp_typography_post_enhancements_disabled":false,"footnotes":""},"class_list":["post-2179","page","type-page","status-publish","hentry"],"yoast_head":"<!-- This site is optimized with the Yoast SEO plugin v27.4 - https:\/\/yoast.com\/product\/yoast-seo-wordpress\/ -->\n<title>intersonanzen - netzwerk neue musik brandenburg<\/title>\n<meta name=\"description\" content=\"Das Brandenburgische Fest der Neuen Musik intersonanzen wurde vom BVNM e.V. im Jahr 2000 gegr\u00fcndet und findet seitdem j\u00e4hrlich an verschiedenen Orten in Potsdam statt. Es gab im Lauf dieser 20 Jahre verschiedene Leiterinnen und Leiter, die eine wunderbare Vielfalt unterschiedlichster Konzerte mit Ensembles und Solist*innen mit zahllosen Urauff\u00fchrungen in nahezu jeder m\u00f6glichen musikalischen Besetzung pr\u00e4sentierten.\" \/>\n<meta name=\"robots\" content=\"index, follow, max-snippet:-1, max-image-preview:large, max-video-preview:-1\" \/>\n<link rel=\"canonical\" href=\"https:\/\/nnm-brandenburg.de\/index.php\/netzwerk\/festivals\/intersonanzen\/\" \/>\n<meta property=\"og:locale\" content=\"de_DE\" \/>\n<meta property=\"og:type\" content=\"article\" \/>\n<meta property=\"og:title\" content=\"intersonanzen - netzwerk neue musik brandenburg\" \/>\n<meta property=\"og:description\" content=\"Das Brandenburgische Fest der Neuen Musik intersonanzen wurde vom BVNM e.V. im Jahr 2000 gegr\u00fcndet und findet seitdem j\u00e4hrlich an verschiedenen Orten in Potsdam statt. Es gab im Lauf dieser 20 Jahre verschiedene Leiterinnen und Leiter, die eine wunderbare Vielfalt unterschiedlichster Konzerte mit Ensembles und Solist*innen mit zahllosen Urauff\u00fchrungen in nahezu jeder m\u00f6glichen musikalischen Besetzung pr\u00e4sentierten.\" \/>\n<meta property=\"og:url\" content=\"https:\/\/nnm-brandenburg.de\/index.php\/netzwerk\/festivals\/intersonanzen\/\" \/>\n<meta property=\"og:site_name\" content=\"netzwerk neue musik brandenburg\" \/>\n<meta property=\"article:modified_time\" content=\"2023-07-18T10:42:25+00:00\" \/>\n<meta property=\"og:image\" content=\"https:\/\/nnm-brandenburg.de\/nnm\/wp-content\/uploads\/2020\/02\/intersonanzen-Graphik-mit-Rand_bearbeitet.jpg\" \/>\n<meta name=\"twitter:card\" content=\"summary_large_image\" \/>\n<meta name=\"twitter:label1\" content=\"Gesch\u00e4tzte Lesezeit\" \/>\n\t<meta name=\"twitter:data1\" content=\"2\u00a0Minuten\" \/>\n<script type=\"application\/ld+json\" class=\"yoast-schema-graph\">{\"@context\":\"https:\\\/\\\/schema.org\",\"@graph\":[{\"@type\":\"WebPage\",\"@id\":\"https:\\\/\\\/nnm-brandenburg.de\\\/index.php\\\/netzwerk\\\/festivals\\\/intersonanzen\\\/\",\"url\":\"https:\\\/\\\/nnm-brandenburg.de\\\/index.php\\\/netzwerk\\\/festivals\\\/intersonanzen\\\/\",\"name\":\"intersonanzen - netzwerk neue musik brandenburg\",\"isPartOf\":{\"@id\":\"https:\\\/\\\/nnm-brandenburg.de\\\/#website\"},\"primaryImageOfPage\":{\"@id\":\"https:\\\/\\\/nnm-brandenburg.de\\\/index.php\\\/netzwerk\\\/festivals\\\/intersonanzen\\\/#primaryimage\"},\"image\":{\"@id\":\"https:\\\/\\\/nnm-brandenburg.de\\\/index.php\\\/netzwerk\\\/festivals\\\/intersonanzen\\\/#primaryimage\"},\"thumbnailUrl\":\"https:\\\/\\\/nnm-brandenburg.de\\\/nnm\\\/wp-content\\\/uploads\\\/2020\\\/02\\\/intersonanzen-Graphik-mit-Rand_bearbeitet.jpg\",\"datePublished\":\"2019-10-14T09:13:48+00:00\",\"dateModified\":\"2023-07-18T10:42:25+00:00\",\"description\":\"Das Brandenburgische Fest der Neuen Musik intersonanzen wurde vom BVNM e.V. im Jahr 2000 gegr\u00fcndet und findet seitdem j\u00e4hrlich an verschiedenen Orten in Potsdam statt. Es gab im Lauf dieser 20 Jahre verschiedene Leiterinnen und Leiter, die eine wunderbare Vielfalt unterschiedlichster Konzerte mit Ensembles und Solist*innen mit zahllosen Urauff\u00fchrungen in nahezu jeder m\u00f6glichen musikalischen Besetzung pr\u00e4sentierten.\",\"breadcrumb\":{\"@id\":\"https:\\\/\\\/nnm-brandenburg.de\\\/index.php\\\/netzwerk\\\/festivals\\\/intersonanzen\\\/#breadcrumb\"},\"inLanguage\":\"de\",\"potentialAction\":[{\"@type\":\"ReadAction\",\"target\":[\"https:\\\/\\\/nnm-brandenburg.de\\\/index.php\\\/netzwerk\\\/festivals\\\/intersonanzen\\\/\"]}]},{\"@type\":\"ImageObject\",\"inLanguage\":\"de\",\"@id\":\"https:\\\/\\\/nnm-brandenburg.de\\\/index.php\\\/netzwerk\\\/festivals\\\/intersonanzen\\\/#primaryimage\",\"url\":\"https:\\\/\\\/nnm-brandenburg.de\\\/wp-content\\\/uploads\\\/2020\\\/02\\\/intersonanzen-Graphik-mit-Rand_bearbeitet.jpg\",\"contentUrl\":\"https:\\\/\\\/nnm-brandenburg.de\\\/wp-content\\\/uploads\\\/2020\\\/02\\\/intersonanzen-Graphik-mit-Rand_bearbeitet.jpg\",\"width\":956,\"height\":775,\"caption\":\"CREATOR: gd-jpeg v1.0 (using IJG JPEG v62), default quality\"},{\"@type\":\"BreadcrumbList\",\"@id\":\"https:\\\/\\\/nnm-brandenburg.de\\\/index.php\\\/netzwerk\\\/festivals\\\/intersonanzen\\\/#breadcrumb\",\"itemListElement\":[{\"@type\":\"ListItem\",\"position\":1,\"name\":\"Startseite\",\"item\":\"https:\\\/\\\/nnm-brandenburg.de\\\/\"},{\"@type\":\"ListItem\",\"position\":2,\"name\":\"Netzwerk\",\"item\":\"https:\\\/\\\/nnm-brandenburg.de\\\/index.php\\\/netzwerk\\\/\"},{\"@type\":\"ListItem\",\"position\":3,\"name\":\"Festivals\",\"item\":\"https:\\\/\\\/nnm-brandenburg.de\\\/index.php\\\/netzwerk\\\/festivals\\\/\"},{\"@type\":\"ListItem\",\"position\":4,\"name\":\"intersonanzen\"}]},{\"@type\":\"WebSite\",\"@id\":\"https:\\\/\\\/nnm-brandenburg.de\\\/#website\",\"url\":\"https:\\\/\\\/nnm-brandenburg.de\\\/\",\"name\":\"Netzwerk Neue Musik Brandenburg\",\"description\":\"Eine Initiative des Landesmusikrates Brandenburg\",\"publisher\":{\"@id\":\"https:\\\/\\\/nnm-brandenburg.de\\\/#organization\"},\"potentialAction\":[{\"@type\":\"SearchAction\",\"target\":{\"@type\":\"EntryPoint\",\"urlTemplate\":\"https:\\\/\\\/nnm-brandenburg.de\\\/?s={search_term_string}\"},\"query-input\":{\"@type\":\"PropertyValueSpecification\",\"valueRequired\":true,\"valueName\":\"search_term_string\"}}],\"inLanguage\":\"de\"},{\"@type\":\"Organization\",\"@id\":\"https:\\\/\\\/nnm-brandenburg.de\\\/#organization\",\"name\":\"Netzwerk Neue Musik Brandenburg\",\"url\":\"https:\\\/\\\/nnm-brandenburg.de\\\/\",\"logo\":{\"@type\":\"ImageObject\",\"inLanguage\":\"de\",\"@id\":\"https:\\\/\\\/nnm-brandenburg.de\\\/#\\\/schema\\\/logo\\\/image\\\/\",\"url\":\"https:\\\/\\\/nnm-brandenburg.de\\\/nnm\\\/wp-content\\\/uploads\\\/2020\\\/02\\\/lmr_logo_sign_vorn.png\",\"contentUrl\":\"https:\\\/\\\/nnm-brandenburg.de\\\/nnm\\\/wp-content\\\/uploads\\\/2020\\\/02\\\/lmr_logo_sign_vorn.png\",\"width\":1920,\"height\":472,\"caption\":\"Netzwerk Neue Musik Brandenburg\"},\"image\":{\"@id\":\"https:\\\/\\\/nnm-brandenburg.de\\\/#\\\/schema\\\/logo\\\/image\\\/\"}}]}<\/script>\n<!-- \/ Yoast SEO plugin. -->","yoast_head_json":{"title":"intersonanzen - netzwerk neue musik brandenburg","description":"Das Brandenburgische Fest der Neuen Musik intersonanzen wurde vom BVNM e.V. im Jahr 2000 gegr\u00fcndet und findet seitdem j\u00e4hrlich an verschiedenen Orten in Potsdam statt. Es gab im Lauf dieser 20 Jahre verschiedene Leiterinnen und Leiter, die eine wunderbare Vielfalt unterschiedlichster Konzerte mit Ensembles und Solist*innen mit zahllosen Urauff\u00fchrungen in nahezu jeder m\u00f6glichen musikalischen Besetzung pr\u00e4sentierten.","robots":{"index":"index","follow":"follow","max-snippet":"max-snippet:-1","max-image-preview":"max-image-preview:large","max-video-preview":"max-video-preview:-1"},"canonical":"https:\/\/nnm-brandenburg.de\/index.php\/netzwerk\/festivals\/intersonanzen\/","og_locale":"de_DE","og_type":"article","og_title":"intersonanzen - netzwerk neue musik brandenburg","og_description":"Das Brandenburgische Fest der Neuen Musik intersonanzen wurde vom BVNM e.V. im Jahr 2000 gegr\u00fcndet und findet seitdem j\u00e4hrlich an verschiedenen Orten in Potsdam statt. Es gab im Lauf dieser 20 Jahre verschiedene Leiterinnen und Leiter, die eine wunderbare Vielfalt unterschiedlichster Konzerte mit Ensembles und Solist*innen mit zahllosen Urauff\u00fchrungen in nahezu jeder m\u00f6glichen musikalischen Besetzung pr\u00e4sentierten.","og_url":"https:\/\/nnm-brandenburg.de\/index.php\/netzwerk\/festivals\/intersonanzen\/","og_site_name":"netzwerk neue musik brandenburg","article_modified_time":"2023-07-18T10:42:25+00:00","og_image":[{"url":"https:\/\/nnm-brandenburg.de\/nnm\/wp-content\/uploads\/2020\/02\/intersonanzen-Graphik-mit-Rand_bearbeitet.jpg","type":"","width":"","height":""}],"twitter_card":"summary_large_image","twitter_misc":{"Gesch\u00e4tzte Lesezeit":"2\u00a0Minuten"},"schema":{"@context":"https:\/\/schema.org","@graph":[{"@type":"WebPage","@id":"https:\/\/nnm-brandenburg.de\/index.php\/netzwerk\/festivals\/intersonanzen\/","url":"https:\/\/nnm-brandenburg.de\/index.php\/netzwerk\/festivals\/intersonanzen\/","name":"intersonanzen - netzwerk neue musik brandenburg","isPartOf":{"@id":"https:\/\/nnm-brandenburg.de\/#website"},"primaryImageOfPage":{"@id":"https:\/\/nnm-brandenburg.de\/index.php\/netzwerk\/festivals\/intersonanzen\/#primaryimage"},"image":{"@id":"https:\/\/nnm-brandenburg.de\/index.php\/netzwerk\/festivals\/intersonanzen\/#primaryimage"},"thumbnailUrl":"https:\/\/nnm-brandenburg.de\/nnm\/wp-content\/uploads\/2020\/02\/intersonanzen-Graphik-mit-Rand_bearbeitet.jpg","datePublished":"2019-10-14T09:13:48+00:00","dateModified":"2023-07-18T10:42:25+00:00","description":"Das Brandenburgische Fest der Neuen Musik intersonanzen wurde vom BVNM e.V. im Jahr 2000 gegr\u00fcndet und findet seitdem j\u00e4hrlich an verschiedenen Orten in Potsdam statt. Es gab im Lauf dieser 20 Jahre verschiedene Leiterinnen und Leiter, die eine wunderbare Vielfalt unterschiedlichster Konzerte mit Ensembles und Solist*innen mit zahllosen Urauff\u00fchrungen in nahezu jeder m\u00f6glichen musikalischen Besetzung pr\u00e4sentierten.","breadcrumb":{"@id":"https:\/\/nnm-brandenburg.de\/index.php\/netzwerk\/festivals\/intersonanzen\/#breadcrumb"},"inLanguage":"de","potentialAction":[{"@type":"ReadAction","target":["https:\/\/nnm-brandenburg.de\/index.php\/netzwerk\/festivals\/intersonanzen\/"]}]},{"@type":"ImageObject","inLanguage":"de","@id":"https:\/\/nnm-brandenburg.de\/index.php\/netzwerk\/festivals\/intersonanzen\/#primaryimage","url":"https:\/\/nnm-brandenburg.de\/wp-content\/uploads\/2020\/02\/intersonanzen-Graphik-mit-Rand_bearbeitet.jpg","contentUrl":"https:\/\/nnm-brandenburg.de\/wp-content\/uploads\/2020\/02\/intersonanzen-Graphik-mit-Rand_bearbeitet.jpg","width":956,"height":775,"caption":"CREATOR: gd-jpeg v1.0 (using IJG JPEG v62), default quality"},{"@type":"BreadcrumbList","@id":"https:\/\/nnm-brandenburg.de\/index.php\/netzwerk\/festivals\/intersonanzen\/#breadcrumb","itemListElement":[{"@type":"ListItem","position":1,"name":"Startseite","item":"https:\/\/nnm-brandenburg.de\/"},{"@type":"ListItem","position":2,"name":"Netzwerk","item":"https:\/\/nnm-brandenburg.de\/index.php\/netzwerk\/"},{"@type":"ListItem","position":3,"name":"Festivals","item":"https:\/\/nnm-brandenburg.de\/index.php\/netzwerk\/festivals\/"},{"@type":"ListItem","position":4,"name":"intersonanzen"}]},{"@type":"WebSite","@id":"https:\/\/nnm-brandenburg.de\/#website","url":"https:\/\/nnm-brandenburg.de\/","name":"Netzwerk Neue Musik Brandenburg","description":"Eine Initiative des Landesmusikrates Brandenburg","publisher":{"@id":"https:\/\/nnm-brandenburg.de\/#organization"},"potentialAction":[{"@type":"SearchAction","target":{"@type":"EntryPoint","urlTemplate":"https:\/\/nnm-brandenburg.de\/?s={search_term_string}"},"query-input":{"@type":"PropertyValueSpecification","valueRequired":true,"valueName":"search_term_string"}}],"inLanguage":"de"},{"@type":"Organization","@id":"https:\/\/nnm-brandenburg.de\/#organization","name":"Netzwerk Neue Musik Brandenburg","url":"https:\/\/nnm-brandenburg.de\/","logo":{"@type":"ImageObject","inLanguage":"de","@id":"https:\/\/nnm-brandenburg.de\/#\/schema\/logo\/image\/","url":"https:\/\/nnm-brandenburg.de\/nnm\/wp-content\/uploads\/2020\/02\/lmr_logo_sign_vorn.png","contentUrl":"https:\/\/nnm-brandenburg.de\/nnm\/wp-content\/uploads\/2020\/02\/lmr_logo_sign_vorn.png","width":1920,"height":472,"caption":"Netzwerk Neue Musik Brandenburg"},"image":{"@id":"https:\/\/nnm-brandenburg.de\/#\/schema\/logo\/image\/"}}]}},"publishpress_future_action":{"enabled":false,"date":"2026-04-28 12:26:26","action":"change-status","newStatus":"draft","terms":[],"taxonomy":"","extraData":[]},"publishpress_future_workflow_manual_trigger":{"enabledWorkflows":[]},"_links":{"self":[{"href":"https:\/\/nnm-brandenburg.de\/index.php\/wp-json\/wp\/v2\/pages\/2179","targetHints":{"allow":["GET"]}}],"collection":[{"href":"https:\/\/nnm-brandenburg.de\/index.php\/wp-json\/wp\/v2\/pages"}],"about":[{"href":"https:\/\/nnm-brandenburg.de\/index.php\/wp-json\/wp\/v2\/types\/page"}],"author":[{"embeddable":true,"href":"https:\/\/nnm-brandenburg.de\/index.php\/wp-json\/wp\/v2\/users\/1"}],"replies":[{"embeddable":true,"href":"https:\/\/nnm-brandenburg.de\/index.php\/wp-json\/wp\/v2\/comments?post=2179"}],"version-history":[{"count":18,"href":"https:\/\/nnm-brandenburg.de\/index.php\/wp-json\/wp\/v2\/pages\/2179\/revisions"}],"predecessor-version":[{"id":6532,"href":"https:\/\/nnm-brandenburg.de\/index.php\/wp-json\/wp\/v2\/pages\/2179\/revisions\/6532"}],"up":[{"embeddable":true,"href":"https:\/\/nnm-brandenburg.de\/index.php\/wp-json\/wp\/v2\/pages\/2213"}],"wp:attachment":[{"href":"https:\/\/nnm-brandenburg.de\/index.php\/wp-json\/wp\/v2\/media?parent=2179"}],"curies":[{"name":"wp","href":"https:\/\/api.w.org\/{rel}","templated":true}]}}