{"id":2185,"date":"2019-10-14T11:15:39","date_gmt":"2019-10-14T09:15:39","guid":{"rendered":"https:\/\/nnm-brandenburg.de\/nnm\/?page_id=2185"},"modified":"2020-03-26T12:23:26","modified_gmt":"2020-03-26T11:23:26","slug":"ensemble-quillo","status":"publish","type":"page","link":"https:\/\/nnm-brandenburg.de\/index.php\/netzwerk\/ensembles\/ensemble-quillo\/","title":{"rendered":"Ensemble Quillo"},"content":{"rendered":"\n<div class=\"alignnormal\"><div id=\"metaslider-id-3333\" style=\"max-width: 800px;\" class=\"ml-slider-3-107-0 metaslider metaslider-flex metaslider-3333 ml-slider has-dots-nav ms-theme-default\" role=\"region\" aria-label=\"Ensemble Quillo\" data-height=\"400\" data-width=\"800\">\n    <div id=\"metaslider_container_3333\">\n        <div id=\"metaslider_3333\">\n            <ul class=\"slides\">\n                <li style=\"display: block; width: 100%;\" class=\"slide-3335 ms-image \" aria-roledescription=\"slide\" data-date=\"2020-02-20 12:19:28\" data-filename=\"EnsembleQuillo_Foto_Tom_Schweers-800x400.jpg\" data-slide-type=\"image\"><img decoding=\"async\" src=\"https:\/\/nnm-brandenburg.de\/wp-content\/uploads\/2020\/02\/EnsembleQuillo_Foto_Tom_Schweers-800x400.jpg\" height=\"400\" width=\"800\" alt class=\"slider-3333 slide-3335 msDefaultImage\" title=\"Ensemble Quillo |  \u00a9 T. Schweers\"><\/li>\n                <li style=\"display: none; width: 100%;\" class=\"slide-3337 ms-image \" aria-roledescription=\"slide\" data-date=\"2020-02-20 12:20:24\" data-filename=\"Landqultour2019_Anton_Rau_1024x517-800x400.jpg\" data-slide-type=\"image\"><img decoding=\"async\" src=\"https:\/\/nnm-brandenburg.de\/wp-content\/uploads\/2020\/02\/Landqultour2019_Anton_Rau_1024x517-800x400.jpg\" height=\"400\" width=\"800\" alt class=\"slider-3333 slide-3337 msDefaultImage\" title=\"Ensemble Quillo |  \u00a9 A. Rau\"><\/li>\n                <li style=\"display: none; width: 100%;\" class=\"slide-3339 ms-image \" aria-roledescription=\"slide\" data-date=\"2020-02-20 12:20:56\" data-filename=\"Mopitu_Foto_Tom_Schweers_1024x517-800x400.jpg\" data-slide-type=\"image\"><img decoding=\"async\" src=\"https:\/\/nnm-brandenburg.de\/wp-content\/uploads\/2020\/02\/Mopitu_Foto_Tom_Schweers_1024x517-800x400.jpg\" height=\"400\" width=\"800\" alt class=\"slider-3333 slide-3339 msDefaultImage\" title=\"Ensemble Quillo |  \u00a9 T. Schweers\"><\/li>\n            <\/ul>\n        <\/div>\n        \n    <\/div>\n<\/div><\/div>\n\n\n\n<div style=\"height:30px\" aria-hidden=\"true\" class=\"wp-block-spacer\"><\/div>\n\n\n\n<p class=\"block\">Das Ensem\u00adble Quil\u00adlo unter der k\u00fcnst\u00adle\u00adri\u00adschen Lei\u00adtung von Ursu\u00adla Wei\u00adler ent\u00adwi\u00adckelt und ver\u00admit\u00adtelt seit 15 Jah\u00adren neue, k\u00fcnst\u00adle\u00adrisch inno\u00adva\u00adti\u00adve For\u00adma\u00adte und hat sich seit sei\u00adner Gr\u00fcn\u00addung 2004 als Ensem\u00adble f\u00fcr zeit\u00adge\u00adn\u00f6s\u00adsi\u00adsche Musik im Land Bran\u00adden\u00adburg und dar\u00ad\u00fcber hin\u00adaus etabliert.&nbsp;<\/p>\n\n\n\n<p class=\"block\">Auf dem Hof Quil\u00adlo (Ucker\u00admark) hat das Ensem\u00adble mit einem eige\u00adnen Kon\u00adzert\u00adhaus und Kino einen Kul\u00adturhot\u00adspot im l\u00e4nd\u00adli\u00adchen Raum geschaf\u00adfen. Vor Ort ent\u00adste\u00adhen neben Fes\u00adti\u00advals und der Rei\u00adhe Neue Musik auch ver\u00adschie\u00adde\u00adne kunst\u00adspar\u00adten\u00ad\u00fcber\u00adgrei\u00adfen\u00adde Pro\u00adduk\u00adtio\u00adnen wie Musik\u00adthea\u00adter, Kunst\u00adfil\u00adme und ande\u00adre expe\u00adri\u00admen\u00adtel\u00adle For\u00adma\u00adte. Dar\u00ad\u00fcber hin\u00adaus ent\u00adwi\u00adckelt das Ensem\u00adble Quil\u00adlo k\u00fcnst\u00adle\u00adrisch au\u00dfer\u00adge\u00adw\u00f6hn\u00adli\u00adche Pro\u00adjek\u00adte im Bereich der sozio\u00adkul\u00adtu\u00adrel\u00adlen Arbeit und der Musik\u00adver\u00admitt\u00adlung, die 2011 mit dem Regi\u00adne-Hil\u00adde\u00adbrand-Preis aus\u00adge\u00adzeich\u00adnet wur\u00adden. 2013 wur\u00adde der k\u00fcnst\u00adle\u00adri\u00adschen Lei\u00adtung des Ensem\u00adble Quil\u00adlo der Bran\u00adden\u00adbur\u00adgi\u00adsche Kunst\u00adpreis verliehen.<\/p>\n\n\n\n<div style=\"height:30px\" aria-hidden=\"true\" class=\"wp-block-spacer\"><\/div>\n\n\n\n<div class=\"wp-block-columns is-layout-flex wp-container-core-columns-is-layout-9d6595d7 wp-block-columns-is-layout-flex\">\n<div class=\"wp-block-column is-layout-flow wp-block-column-is-layout-flow\">\n<div class=\"wp-block-image\"><figure class=\"alignleft size-large\"><img decoding=\"async\" width=\"1024\" height=\"201\" src=\"https:\/\/nnm-brandenburg.de\/nnm\/wp-content\/uploads\/2020\/03\/Ensemble-Quillo-Logo-1024x201.jpg\" alt class=\"wp-image-3618\" srcset=\"https:\/\/nnm-brandenburg.de\/wp-content\/uploads\/2020\/03\/Ensemble-Quillo-Logo-1024x201.jpg 1024w, https:\/\/nnm-brandenburg.de\/wp-content\/uploads\/2020\/03\/Ensemble-Quillo-Logo-300x59.jpg 300w, https:\/\/nnm-brandenburg.de\/wp-content\/uploads\/2020\/03\/Ensemble-Quillo-Logo-768x151.jpg 768w, https:\/\/nnm-brandenburg.de\/wp-content\/uploads\/2020\/03\/Ensemble-Quillo-Logo-1536x302.jpg 1536w, https:\/\/nnm-brandenburg.de\/wp-content\/uploads\/2020\/03\/Ensemble-Quillo-Logo.jpg 1920w\" sizes=\"(max-width: 1024px) 100vw, 1024px\"><\/figure><\/div>\n<\/div>\n\n\n\n<div class=\"wp-block-column is-layout-flow wp-block-column-is-layout-flow\">\n<p class=\"block\">Aus der engen Zusam\u00admen\u00adar\u00adbeit mit Kom\u00adpo\u00adnis\u00adten wie Azi\u00adza Sadi\u00adko\u00adva, David Robert Cole\u00adman, Tom Rojo Pol\u00adler, Hel\u00admut Oeh\u00adring, Mark Moe\u00adbi\u00adus und Juli\u00aden Salem\u00adkour sind zahl\u00adrei\u00adche, eigens in Auf\u00adtrag gege\u00adbe\u00adne Wer\u00adke ent\u00adstan\u00adden. Seit 2019 wer\u00adden die Auf\u00adtrags\u00adwer\u00adke in der neu gegr\u00fcn\u00adde\u00adten Edi\u00adti\u00adon Quil\u00adlo verlegt.&nbsp;<\/p>\n<\/div>\n<\/div>\n\n\n\n<p class=\"block\"> <\/p>\n\n\n\n<p class=\"block\">Das Ensem\u00adble Quil\u00adlo wird regel\u00adm\u00e4\u00ad\u00dfig zu Pro\u00adduk\u00adtio\u00adnen und Fes\u00adti\u00advals an ver\u00adschie\u00adde\u00adne Spiel\u00ador\u00adte ein\u00adge\u00adla\u00adden. So gas\u00adtier\u00adte es z.B. mit der Pro\u00adduk\u00adti\u00adon El Cimar\u00adr\u00f3n von Hans Wer\u00adner Hen\u00adze (Regie: Sofia Simit\u00adzis) 2011 an der Staats\u00adoper Ber\u00adlin und dem Thea\u00adter G\u00fcters\u00adloh. Das vom Ensem\u00adble Quil\u00adlo initi\u00adier\u00adte Auf\u00adtrags\u00adwerk Hans im Gl\u00fcck (David Robert Cole\u00adman) wur\u00adde nach der Urauf\u00adf\u00fch\u00adrung auf dem Hof Quil\u00adlo in erwei\u00adter\u00adter Ver\u00adsi\u00adon als Kam\u00admer\u00adoper in \u00fcber 50 Vor\u00adstel\u00adlun\u00adgen an der Staats\u00adoper Ber\u00adlin auf\u00adge\u00adf\u00fchrt (2014\/2016). <\/p>\n\n\n\n<p class=\"block\">2019 tour\u00adte\ndas Ensem\u00adble mit dem unge\u00adw\u00f6hn\u00adli\u00adchen For\u00admat Land\u00adQul\u00adtour (die kleins\u00adte Kunst\u00adhal\u00adle\nBran\u00adden\u00adburgs) auf einer mobi\u00adlen B\u00fch\u00adne mit drei ver\u00adschie\u00adde\u00adnen,\nauf\u00adse\u00adhen\u00ader\u00adre\u00adgen\u00adden Kurz\u00adpro\u00adgram\u00admen und ins\u00adge\u00adsamt 30 Vor\u00adstel\u00adlun\u00adgen durch die\nUcker\u00admark. Als bis\u00adhe\u00adri\u00adgen H\u00f6he\u00adpunkt sei\u00adner Arbeit initi\u00adier\u00adte und pro\u00addu\u00adzier\u00adte\ndas Ensem\u00adble in Koope\u00adra\u00adti\u00adon mit den Bran\u00adden\u00adbur\u00adger Sym\u00adpho\u00adni\u00adkern 2019 AHEAD OF\nSTRUWWELPETER (Musik: David Robert Cole\u00adman, Text: Ire\u00adne Dische, Regie: Sofia\nSimit\u00adzis), eine moder\u00adne Kam\u00admer\u00adoper nach Moti\u00adven des his\u00adto\u00adri\u00adschen Struw\u00adwel\u00adpe\u00adter\nvon Hein\u00adrich Hoff\u00admann. Sie wur\u00adde in Bran\u00adden\u00adburg an der Havel urauf\u00adge\u00adf\u00fchrt,\nwei\u00adte\u00adre Vor\u00adstel\u00adlun\u00adgen fan\u00adden am Kleist Forum Frank\u00adfurt (Oder) und an den\nUcker\u00adm\u00e4r\u00adki\u00adschen B\u00fch\u00adnen Schwedt statt. In Koope\u00adra\u00adti\u00adon mit der Nor\u00adt\u00adhern Ire\u00adland\nOpe\u00adra Bel\u00adfast geht AHEAD OF STRUWWELPETER 2020 auf Tour\u00adnee durch Nordirland.&nbsp;<\/p>\n\n\n\n<p class=\"block\">Das Ensem\u00adble Quil\u00adlo wur\u00adde u.a. von der Kul\u00adtur\u00adstif\u00adtung des Bun\u00addes, der Aka\u00adde\u00admie der K\u00fcns\u00adte Ber\u00adlin und dem Minis\u00adte\u00adri\u00adum f\u00fcr Wis\u00adsen\u00adschaft, For\u00adschung und Kul\u00adtur Bran\u00adden\u00adburg gef\u00f6rdert.<\/p>\n\n\n\n<p>Kon\u00adtakt: <a rel=\"noreferrer noopener\" aria-label=\"Ensemble Quillo (\u00f6ffnet in neuem Tab)\" style=\"text-decoration: none;\" href=\"https:\/\/quillo.net\/\" target=\"_blank\">Ensem\u00adble Quillo<\/a><\/p>\n\n\n\n<div style=\"height:150px\" aria-hidden=\"true\" class=\"wp-block-spacer\"><\/div>\n","protected":false},"excerpt":{"rendered":"<p>Das Ensem\u00adble Quil\u00adlo unter der k\u00fcnst\u00adle\u00adri\u00adschen Lei\u00adtung von Ursu\u00adla Wei\u00adler ent\u00adwi\u00adckelt und ver\u00admit\u00adtelt seit 15 Jah\u00adren neue, k\u00fcnst\u00adle\u00adrisch inno\u00adva\u00adti\u00adve For\u00adma\u00adte und hat sich seit sei\u00adner Gr\u00fcn\u00addung 2004 als Ensem\u00adble f\u00fcr zeit\u00adge\u00adn\u00f6s\u00adsi\u00adsche Musik im Land Bran\u00adden\u00adburg und dar\u00ad\u00fcber hin\u00adaus eta\u00adbliert.&nbsp; Auf dem Hof Quil\u00adlo (Ucker\u00admark) hat das Ensem\u00adble mit einem eigenen\u2026&nbsp;<\/p>\n","protected":false},"author":1,"featured_media":0,"parent":2217,"menu_order":0,"comment_status":"closed","ping_status":"closed","template":"","meta":{"wp_typography_post_enhancements_disabled":false,"footnotes":""},"class_list":["post-2185","page","type-page","status-publish","hentry"],"yoast_head":"<!-- This site is optimized with the Yoast SEO plugin v27.4 - https:\/\/yoast.com\/product\/yoast-seo-wordpress\/ -->\n<title>Ensemble Quillo - netzwerk neue musik brandenburg<\/title>\n<meta name=\"description\" content=\"Das Ensemble Quillo unter der k\u00fcnstlerischen Leitung von Ursula Weiler entwickelt und vermittelt seit 15 Jahren neue, k\u00fcnstlerisch innovative Formate und hat sich seit seiner Gr\u00fcndung 2004 als Ensemble f\u00fcr zeitgen\u00f6ssische Musik im Land Brandenburg und dar\u00fcber hinaus etabliert.\" \/>\n<meta name=\"robots\" content=\"index, follow, max-snippet:-1, max-image-preview:large, max-video-preview:-1\" \/>\n<link rel=\"canonical\" href=\"https:\/\/nnm-brandenburg.de\/index.php\/netzwerk\/ensembles\/ensemble-quillo\/\" \/>\n<meta property=\"og:locale\" content=\"de_DE\" \/>\n<meta property=\"og:type\" content=\"article\" \/>\n<meta property=\"og:title\" content=\"Ensemble Quillo - netzwerk neue musik brandenburg\" \/>\n<meta property=\"og:description\" content=\"Das Ensemble Quillo unter der k\u00fcnstlerischen Leitung von Ursula Weiler entwickelt und vermittelt seit 15 Jahren neue, k\u00fcnstlerisch innovative Formate und hat sich seit seiner Gr\u00fcndung 2004 als Ensemble f\u00fcr zeitgen\u00f6ssische Musik im Land Brandenburg und dar\u00fcber hinaus etabliert.\" \/>\n<meta property=\"og:url\" content=\"https:\/\/nnm-brandenburg.de\/index.php\/netzwerk\/ensembles\/ensemble-quillo\/\" \/>\n<meta property=\"og:site_name\" content=\"netzwerk neue musik brandenburg\" \/>\n<meta property=\"article:modified_time\" content=\"2020-03-26T11:23:26+00:00\" \/>\n<meta property=\"og:image\" content=\"https:\/\/nnm-brandenburg.de\/nnm\/wp-content\/uploads\/2020\/03\/Ensemble-Quillo-Logo-1024x201.jpg\" \/>\n<meta name=\"twitter:card\" content=\"summary_large_image\" \/>\n<meta name=\"twitter:label1\" content=\"Gesch\u00e4tzte Lesezeit\" \/>\n\t<meta name=\"twitter:data1\" content=\"2\u00a0Minuten\" \/>\n<script type=\"application\/ld+json\" class=\"yoast-schema-graph\">{\"@context\":\"https:\\\/\\\/schema.org\",\"@graph\":[{\"@type\":\"WebPage\",\"@id\":\"https:\\\/\\\/nnm-brandenburg.de\\\/index.php\\\/netzwerk\\\/ensembles\\\/ensemble-quillo\\\/\",\"url\":\"https:\\\/\\\/nnm-brandenburg.de\\\/index.php\\\/netzwerk\\\/ensembles\\\/ensemble-quillo\\\/\",\"name\":\"Ensemble Quillo - netzwerk neue musik brandenburg\",\"isPartOf\":{\"@id\":\"https:\\\/\\\/nnm-brandenburg.de\\\/#website\"},\"primaryImageOfPage\":{\"@id\":\"https:\\\/\\\/nnm-brandenburg.de\\\/index.php\\\/netzwerk\\\/ensembles\\\/ensemble-quillo\\\/#primaryimage\"},\"image\":{\"@id\":\"https:\\\/\\\/nnm-brandenburg.de\\\/index.php\\\/netzwerk\\\/ensembles\\\/ensemble-quillo\\\/#primaryimage\"},\"thumbnailUrl\":\"https:\\\/\\\/nnm-brandenburg.de\\\/nnm\\\/wp-content\\\/uploads\\\/2020\\\/03\\\/Ensemble-Quillo-Logo-1024x201.jpg\",\"datePublished\":\"2019-10-14T09:15:39+00:00\",\"dateModified\":\"2020-03-26T11:23:26+00:00\",\"description\":\"Das Ensemble Quillo unter der k\u00fcnstlerischen Leitung von Ursula Weiler entwickelt und vermittelt seit 15 Jahren neue, k\u00fcnstlerisch innovative Formate und hat sich seit seiner Gr\u00fcndung 2004 als Ensemble f\u00fcr zeitgen\u00f6ssische Musik im Land Brandenburg und dar\u00fcber hinaus etabliert.\",\"breadcrumb\":{\"@id\":\"https:\\\/\\\/nnm-brandenburg.de\\\/index.php\\\/netzwerk\\\/ensembles\\\/ensemble-quillo\\\/#breadcrumb\"},\"inLanguage\":\"de\",\"potentialAction\":[{\"@type\":\"ReadAction\",\"target\":[\"https:\\\/\\\/nnm-brandenburg.de\\\/index.php\\\/netzwerk\\\/ensembles\\\/ensemble-quillo\\\/\"]}]},{\"@type\":\"ImageObject\",\"inLanguage\":\"de\",\"@id\":\"https:\\\/\\\/nnm-brandenburg.de\\\/index.php\\\/netzwerk\\\/ensembles\\\/ensemble-quillo\\\/#primaryimage\",\"url\":\"https:\\\/\\\/nnm-brandenburg.de\\\/nnm\\\/wp-content\\\/uploads\\\/2020\\\/03\\\/Ensemble-Quillo-Logo-1024x201.jpg\",\"contentUrl\":\"https:\\\/\\\/nnm-brandenburg.de\\\/nnm\\\/wp-content\\\/uploads\\\/2020\\\/03\\\/Ensemble-Quillo-Logo-1024x201.jpg\"},{\"@type\":\"BreadcrumbList\",\"@id\":\"https:\\\/\\\/nnm-brandenburg.de\\\/index.php\\\/netzwerk\\\/ensembles\\\/ensemble-quillo\\\/#breadcrumb\",\"itemListElement\":[{\"@type\":\"ListItem\",\"position\":1,\"name\":\"Startseite\",\"item\":\"https:\\\/\\\/nnm-brandenburg.de\\\/\"},{\"@type\":\"ListItem\",\"position\":2,\"name\":\"Netzwerk\",\"item\":\"https:\\\/\\\/nnm-brandenburg.de\\\/index.php\\\/netzwerk\\\/\"},{\"@type\":\"ListItem\",\"position\":3,\"name\":\"Ensembles | Orchester\",\"item\":\"https:\\\/\\\/nnm-brandenburg.de\\\/index.php\\\/netzwerk\\\/ensembles\\\/\"},{\"@type\":\"ListItem\",\"position\":4,\"name\":\"Ensemble Quillo\"}]},{\"@type\":\"WebSite\",\"@id\":\"https:\\\/\\\/nnm-brandenburg.de\\\/#website\",\"url\":\"https:\\\/\\\/nnm-brandenburg.de\\\/\",\"name\":\"Netzwerk Neue Musik Brandenburg\",\"description\":\"Eine Initiative des Landesmusikrates Brandenburg\",\"publisher\":{\"@id\":\"https:\\\/\\\/nnm-brandenburg.de\\\/#organization\"},\"potentialAction\":[{\"@type\":\"SearchAction\",\"target\":{\"@type\":\"EntryPoint\",\"urlTemplate\":\"https:\\\/\\\/nnm-brandenburg.de\\\/?s={search_term_string}\"},\"query-input\":{\"@type\":\"PropertyValueSpecification\",\"valueRequired\":true,\"valueName\":\"search_term_string\"}}],\"inLanguage\":\"de\"},{\"@type\":\"Organization\",\"@id\":\"https:\\\/\\\/nnm-brandenburg.de\\\/#organization\",\"name\":\"Netzwerk Neue Musik Brandenburg\",\"url\":\"https:\\\/\\\/nnm-brandenburg.de\\\/\",\"logo\":{\"@type\":\"ImageObject\",\"inLanguage\":\"de\",\"@id\":\"https:\\\/\\\/nnm-brandenburg.de\\\/#\\\/schema\\\/logo\\\/image\\\/\",\"url\":\"https:\\\/\\\/nnm-brandenburg.de\\\/nnm\\\/wp-content\\\/uploads\\\/2020\\\/02\\\/lmr_logo_sign_vorn.png\",\"contentUrl\":\"https:\\\/\\\/nnm-brandenburg.de\\\/nnm\\\/wp-content\\\/uploads\\\/2020\\\/02\\\/lmr_logo_sign_vorn.png\",\"width\":1920,\"height\":472,\"caption\":\"Netzwerk Neue Musik Brandenburg\"},\"image\":{\"@id\":\"https:\\\/\\\/nnm-brandenburg.de\\\/#\\\/schema\\\/logo\\\/image\\\/\"}}]}<\/script>\n<!-- \/ Yoast SEO plugin. -->","yoast_head_json":{"title":"Ensemble Quillo - netzwerk neue musik brandenburg","description":"Das Ensemble Quillo unter der k\u00fcnstlerischen Leitung von Ursula Weiler entwickelt und vermittelt seit 15 Jahren neue, k\u00fcnstlerisch innovative Formate und hat sich seit seiner Gr\u00fcndung 2004 als Ensemble f\u00fcr zeitgen\u00f6ssische Musik im Land Brandenburg und dar\u00fcber hinaus etabliert.","robots":{"index":"index","follow":"follow","max-snippet":"max-snippet:-1","max-image-preview":"max-image-preview:large","max-video-preview":"max-video-preview:-1"},"canonical":"https:\/\/nnm-brandenburg.de\/index.php\/netzwerk\/ensembles\/ensemble-quillo\/","og_locale":"de_DE","og_type":"article","og_title":"Ensemble Quillo - netzwerk neue musik brandenburg","og_description":"Das Ensemble Quillo unter der k\u00fcnstlerischen Leitung von Ursula Weiler entwickelt und vermittelt seit 15 Jahren neue, k\u00fcnstlerisch innovative Formate und hat sich seit seiner Gr\u00fcndung 2004 als Ensemble f\u00fcr zeitgen\u00f6ssische Musik im Land Brandenburg und dar\u00fcber hinaus etabliert.","og_url":"https:\/\/nnm-brandenburg.de\/index.php\/netzwerk\/ensembles\/ensemble-quillo\/","og_site_name":"netzwerk neue musik brandenburg","article_modified_time":"2020-03-26T11:23:26+00:00","og_image":[{"url":"https:\/\/nnm-brandenburg.de\/nnm\/wp-content\/uploads\/2020\/03\/Ensemble-Quillo-Logo-1024x201.jpg","type":"","width":"","height":""}],"twitter_card":"summary_large_image","twitter_misc":{"Gesch\u00e4tzte Lesezeit":"2\u00a0Minuten"},"schema":{"@context":"https:\/\/schema.org","@graph":[{"@type":"WebPage","@id":"https:\/\/nnm-brandenburg.de\/index.php\/netzwerk\/ensembles\/ensemble-quillo\/","url":"https:\/\/nnm-brandenburg.de\/index.php\/netzwerk\/ensembles\/ensemble-quillo\/","name":"Ensemble Quillo - netzwerk neue musik brandenburg","isPartOf":{"@id":"https:\/\/nnm-brandenburg.de\/#website"},"primaryImageOfPage":{"@id":"https:\/\/nnm-brandenburg.de\/index.php\/netzwerk\/ensembles\/ensemble-quillo\/#primaryimage"},"image":{"@id":"https:\/\/nnm-brandenburg.de\/index.php\/netzwerk\/ensembles\/ensemble-quillo\/#primaryimage"},"thumbnailUrl":"https:\/\/nnm-brandenburg.de\/nnm\/wp-content\/uploads\/2020\/03\/Ensemble-Quillo-Logo-1024x201.jpg","datePublished":"2019-10-14T09:15:39+00:00","dateModified":"2020-03-26T11:23:26+00:00","description":"Das Ensemble Quillo unter der k\u00fcnstlerischen Leitung von Ursula Weiler entwickelt und vermittelt seit 15 Jahren neue, k\u00fcnstlerisch innovative Formate und hat sich seit seiner Gr\u00fcndung 2004 als Ensemble f\u00fcr zeitgen\u00f6ssische Musik im Land Brandenburg und dar\u00fcber hinaus etabliert.","breadcrumb":{"@id":"https:\/\/nnm-brandenburg.de\/index.php\/netzwerk\/ensembles\/ensemble-quillo\/#breadcrumb"},"inLanguage":"de","potentialAction":[{"@type":"ReadAction","target":["https:\/\/nnm-brandenburg.de\/index.php\/netzwerk\/ensembles\/ensemble-quillo\/"]}]},{"@type":"ImageObject","inLanguage":"de","@id":"https:\/\/nnm-brandenburg.de\/index.php\/netzwerk\/ensembles\/ensemble-quillo\/#primaryimage","url":"https:\/\/nnm-brandenburg.de\/nnm\/wp-content\/uploads\/2020\/03\/Ensemble-Quillo-Logo-1024x201.jpg","contentUrl":"https:\/\/nnm-brandenburg.de\/nnm\/wp-content\/uploads\/2020\/03\/Ensemble-Quillo-Logo-1024x201.jpg"},{"@type":"BreadcrumbList","@id":"https:\/\/nnm-brandenburg.de\/index.php\/netzwerk\/ensembles\/ensemble-quillo\/#breadcrumb","itemListElement":[{"@type":"ListItem","position":1,"name":"Startseite","item":"https:\/\/nnm-brandenburg.de\/"},{"@type":"ListItem","position":2,"name":"Netzwerk","item":"https:\/\/nnm-brandenburg.de\/index.php\/netzwerk\/"},{"@type":"ListItem","position":3,"name":"Ensembles | Orchester","item":"https:\/\/nnm-brandenburg.de\/index.php\/netzwerk\/ensembles\/"},{"@type":"ListItem","position":4,"name":"Ensemble Quillo"}]},{"@type":"WebSite","@id":"https:\/\/nnm-brandenburg.de\/#website","url":"https:\/\/nnm-brandenburg.de\/","name":"Netzwerk Neue Musik Brandenburg","description":"Eine Initiative des Landesmusikrates Brandenburg","publisher":{"@id":"https:\/\/nnm-brandenburg.de\/#organization"},"potentialAction":[{"@type":"SearchAction","target":{"@type":"EntryPoint","urlTemplate":"https:\/\/nnm-brandenburg.de\/?s={search_term_string}"},"query-input":{"@type":"PropertyValueSpecification","valueRequired":true,"valueName":"search_term_string"}}],"inLanguage":"de"},{"@type":"Organization","@id":"https:\/\/nnm-brandenburg.de\/#organization","name":"Netzwerk Neue Musik Brandenburg","url":"https:\/\/nnm-brandenburg.de\/","logo":{"@type":"ImageObject","inLanguage":"de","@id":"https:\/\/nnm-brandenburg.de\/#\/schema\/logo\/image\/","url":"https:\/\/nnm-brandenburg.de\/nnm\/wp-content\/uploads\/2020\/02\/lmr_logo_sign_vorn.png","contentUrl":"https:\/\/nnm-brandenburg.de\/nnm\/wp-content\/uploads\/2020\/02\/lmr_logo_sign_vorn.png","width":1920,"height":472,"caption":"Netzwerk Neue Musik Brandenburg"},"image":{"@id":"https:\/\/nnm-brandenburg.de\/#\/schema\/logo\/image\/"}}]}},"publishpress_future_action":{"enabled":false,"date":"2026-04-23 15:14:29","action":"change-status","newStatus":"draft","terms":[],"taxonomy":"","extraData":[]},"publishpress_future_workflow_manual_trigger":{"enabledWorkflows":[]},"_links":{"self":[{"href":"https:\/\/nnm-brandenburg.de\/index.php\/wp-json\/wp\/v2\/pages\/2185","targetHints":{"allow":["GET"]}}],"collection":[{"href":"https:\/\/nnm-brandenburg.de\/index.php\/wp-json\/wp\/v2\/pages"}],"about":[{"href":"https:\/\/nnm-brandenburg.de\/index.php\/wp-json\/wp\/v2\/types\/page"}],"author":[{"embeddable":true,"href":"https:\/\/nnm-brandenburg.de\/index.php\/wp-json\/wp\/v2\/users\/1"}],"replies":[{"embeddable":true,"href":"https:\/\/nnm-brandenburg.de\/index.php\/wp-json\/wp\/v2\/comments?post=2185"}],"version-history":[{"count":21,"href":"https:\/\/nnm-brandenburg.de\/index.php\/wp-json\/wp\/v2\/pages\/2185\/revisions"}],"predecessor-version":[{"id":3619,"href":"https:\/\/nnm-brandenburg.de\/index.php\/wp-json\/wp\/v2\/pages\/2185\/revisions\/3619"}],"up":[{"embeddable":true,"href":"https:\/\/nnm-brandenburg.de\/index.php\/wp-json\/wp\/v2\/pages\/2217"}],"wp:attachment":[{"href":"https:\/\/nnm-brandenburg.de\/index.php\/wp-json\/wp\/v2\/media?parent=2185"}],"curies":[{"name":"wp","href":"https:\/\/api.w.org\/{rel}","templated":true}]}}