{"id":2454,"date":"2019-12-03T11:15:51","date_gmt":"2019-12-03T10:15:51","guid":{"rendered":"https:\/\/nnm-brandenburg.de\/nnm\/?page_id=2454"},"modified":"2020-03-26T12:36:17","modified_gmt":"2020-03-26T11:36:17","slug":"bvnm","status":"publish","type":"page","link":"https:\/\/nnm-brandenburg.de\/index.php\/netzwerk\/institutionen\/bvnm\/","title":{"rendered":"BVNM | Brandenburgischer Verein Neue Musik e.V."},"content":{"rendered":"\n<div class=\"alignnormal\"><div id=\"metaslider-id-3255\" style=\"max-width: 800px;\" class=\"ml-slider-3-108-0 metaslider metaslider-flex metaslider-3255 ml-slider has-dots-nav ms-theme-default\" role=\"region\" aria-label=\"BVNM e.V.\" data-height=\"400\" data-width=\"800\">\n    <div id=\"metaslider_container_3255\">\n        <div id=\"metaslider_3255\">\n            <ul class=\"slides\">\n                <li style=\"display: block; width: 100%;\" class=\"slide-3256 ms-image \" aria-roledescription=\"slide\" data-date=\"2020-02-13 13:52:52\" data-filename=\"intersonanzen2019-OBELISK-von-Benoit-Maubrey-auf-dem-Platz-der-Einheit_1024x517-800x400.jpg\" data-slide-type=\"image\"><img decoding=\"async\" src=\"https:\/\/nnm-brandenburg.de\/wp-content\/uploads\/2020\/02\/intersonanzen2019-OBELISK-von-Benoit-Maubrey-auf-dem-Platz-der-Einheit_1024x517-800x400.jpg\" height=\"400\" width=\"800\" alt class=\"slider-3255 slide-3256 msDefaultImage\" title=\"intersonanzen2019-OBELISK-von-Benoit-Maubrey-auf-dem-Platz-der-Einheit_1024x517\"><\/li>\n                <li style=\"display: none; width: 100%;\" class=\"slide-3258 ms-image \" aria-roledescription=\"slide\" data-date=\"2020-02-13 13:53:13\" data-filename=\"intersonanzen2019-Royal-String-Quartett-Warschau_1024x517-800x400.jpg\" data-slide-type=\"image\"><img decoding=\"async\" src=\"https:\/\/nnm-brandenburg.de\/wp-content\/uploads\/2020\/02\/intersonanzen2019-Royal-String-Quartett-Warschau_1024x517-800x400.jpg\" height=\"400\" width=\"800\" alt class=\"slider-3255 slide-3258 msDefaultImage\" title=\"intersonanzen2019 Royal String Quartett Warschau_1024x517\"><\/li>\n            <\/ul>\n        <\/div>\n        \n    <\/div>\n<\/div><\/div>\n\n\n\n<div style=\"height:30px\" aria-hidden=\"true\" class=\"wp-block-spacer\"><\/div>\n\n\n\n<p class=\"block\">Der Bran\u00adden\u00adbur\u00adgi\u00adsche Ver\u00adein Neue Musik e.V. ist ein Zusam\u00admen\u00adschluss von Per\u00adso\u00adnen, die auf dem Gebiet der Musik t\u00e4tig sind. Der Ver\u00adein ver\u00adsteht sich als Zen\u00adtrum, Ver\u00adtre\u00adter und Initia\u00adtor f\u00fcr zeit\u00adge\u00adn\u00f6s\u00adsi\u00adsche Musik im Lan\u00adde Bran\u00adden\u00adburg. Kom\u00adpo\u00adnis\u00adten, Musik\u00adwis\u00adsen\u00adschaft\u00adler, Inter\u00adpre\u00adten sowie Musik\u00adp\u00e4d\u00adago\u00adgen der Regio\u00adnen Pots\u00addam, Frank\u00adfurt (Oder) und Cott\u00adbus schlos\u00adsen sich im Jah\u00adre 1990 zu einer lan\u00addes\u00adweit wir\u00adken\u00adden Ver\u00adei\u00adni\u00adgung zusam\u00admen, um ihre Inter\u00ades\u00adsen und Zie\u00adle wah\u00adren und ver\u00adwirk\u00adli\u00adchen zu k\u00f6n\u00adnen. Nach\u00addem sich der Ver\u00adein am 12.10.1990 zun\u00e4chst als Lan\u00addes\u00adver\u00adband Bran\u00adden\u00adburg e.V. des Ver\u00adban\u00addes Deut\u00adscher Kom\u00adpo\u00adnis\u00adten kon\u00adsti\u00adtu\u00adier\u00adte, wur\u00adde auf der Mit\u00adglie\u00adder\u00adver\u00adsamm\u00adlung am 17.10.1991 die \u00c4nde\u00adrung der Sat\u00adzung und des Namens in \u201cBran\u00adden\u00adbur\u00adgi\u00adscher Ver\u00adein Neue Musik e.V.\u201d beschlos\u00adsen, als wel\u00adcher er im Ver\u00adeins\u00adre\u00adgis\u00adter der Stadt Cott\u00adbus ein\u00adge\u00adtra\u00adgen&nbsp;ist.<\/p>\n\n\n\n<div class=\"wp-block-columns is-layout-flex wp-container-core-columns-is-layout-9d6595d7 wp-block-columns-is-layout-flex\">\n<div class=\"wp-block-column is-layout-flow wp-block-column-is-layout-flow\">\n<figure class=\"wp-block-image size-large is-resized\"><img decoding=\"async\" src=\"https:\/\/nnm-brandenburg.de\/nnm\/wp-content\/uploads\/2020\/02\/BVNM-Logo-Quadrat-mit-weiss.jpg\" alt class=\"wp-image-3372\" width=\"262\" height=\"261\" srcset=\"https:\/\/nnm-brandenburg.de\/wp-content\/uploads\/2020\/02\/BVNM-Logo-Quadrat-mit-weiss.jpg 395w, https:\/\/nnm-brandenburg.de\/wp-content\/uploads\/2020\/02\/BVNM-Logo-Quadrat-mit-weiss-300x300.jpg 300w, https:\/\/nnm-brandenburg.de\/wp-content\/uploads\/2020\/02\/BVNM-Logo-Quadrat-mit-weiss-150x150.jpg 150w\" sizes=\"(max-width: 262px) 100vw, 262px\"><\/figure>\n<\/div>\n\n\n\n<div class=\"wp-block-column is-layout-flow wp-block-column-is-layout-flow\">\n<div style=\"height:40px\" aria-hidden=\"true\" class=\"wp-block-spacer\"><\/div>\n\n\n\n<p class=\"block\"> Der Ver\u00adein sieht sei\u00adne Auf\u00adga\u00adbe einer\u00adseits in der F\u00f6r\u00adde\u00adrung zeit\u00adge\u00adn\u00f6s\u00adsi\u00adscher bran\u00adden\u00adbur\u00adgi\u00adscher Komponisten*innen, ver\u00adfolgt aber auch das Ziel, das Werk ande\u00adrer Komponisten*innen des 20. und 21. Jahr\u00adhun\u00adderts zu unter\u00adst\u00fct\u00adzen und dabei auch beson\u00adders die Inter\u00ades\u00adsen der neu\u00aden sor\u00adbi\u00adschen Musik\u00adkul\u00adtur zu ber\u00fcck\u00adsich\u00adti\u00adgen. Ein wich\u00adti\u00adges Inter\u00ades\u00adsen\u00adge\u00adbiet des Ver\u00adeins liegt zudem in der Pfle\u00adge, Ver\u00adtie\u00adfung und Erwei\u00adte\u00adrung der tra\u00addi\u00adtio\u00adnell guten Kon\u00adtak\u00adte zu ost\u00adeu\u00adro\u00adp\u00e4i\u00adschen Partnern.<\/p>\n<\/div>\n<\/div>\n\n\n\n<p class=\"block\">Mit sei\u00adnem Web\u00adauf\u00adtritt, umfas\u00adsen\u00adden Publi\u00adka\u00adtio\u00adnen und Pro\u00adjek\u00adten stel\u00adlen sich die Mit\u00adglie\u00adder des Ver\u00adeins ihren Part\u00adnern und allen musik\u00adin\u00adter\u00ades\u00adsier\u00adten B\u00fcrger*innen vor, um einer\u00adseits auf sein Pro\u00adfil und sei\u00adne Zie\u00adle auf\u00admerk\u00adsam zu machen, ande\u00adrer\u00adseits aber auch, um einen Impuls f\u00fcr m\u00f6g\u00adli\u00adche Zusam\u00admen\u00adar\u00adbeit aus\u00adzu\u00adl\u00f6\u00adsen und ma\u00df\u00adgeb\u00adlich an einer Auf\u00adga\u00adbe mit\u00adzu\u00adwir\u00adken, die sich bem\u00fcht, die Lebens\u00adqua\u00adli\u00adt\u00e4t der Men\u00adschen in unse\u00adrem Lan\u00adde durch viel\u00adf\u00e4l\u00adti\u00adge zeit\u00adge\u00adn\u00f6s\u00adsi\u00adsche musik\u00adkul\u00adtu\u00adrel\u00adle Erleb\u00adnis\u00adse zu berei\u00adchern.   Ein beson\u00adders wich\u00adti\u00adger Bei\u00adtrag dazu ist das im Jah\u00adre 2000 gegr\u00fcn\u00adde\u00adte j\u00e4hr\u00adli\u00adche Bran\u00adden\u00adbur\u00adgi\u00adsche Fest der neu\u00aden Musik <em>inter\u00adso\u00adnan\u00adzen<\/em> mit Kon\u00adzer\u00adten, Per\u00adfor\u00adman\u00adces, Klang\u00adkunst\u00adaus\u00adstel\u00adlung, Sym\u00adpo\u00adsi\u00adum und Sound\u00adwalk, das mitt\u00adler\u00adwei\u00adle weit \u00fcber die Lan\u00addes\u00adgren\u00adzen hin\u00adaus bun\u00addes\u00adweit und auch inter\u00adna\u00adtio\u00adnal ausstrahlt.<\/p>\n\n\n\n<p class=\"block\">Der BVNM e.V. ver\u00adtritt zur Zeit \u00fcber 70 Kul\u00adtur\u00adschaf\u00adfen\u00adde zeit\u00adge\u00adn\u00f6s\u00adsi\u00adscher Musik aus Bran\u00adden\u00adburg, Ber\u00adlin sowie auch eini\u00adge momen\u00adtan au\u00dfer\u00adhalb der Lan\u00addes\u00adgren\u00adzen leben\u00adden Brandenburger*innen.<\/p>\n\n\n\n<p>Kon\u00adtakt:  <a style=\"text-decoration: none;\" rel=\"noreferrer noopener\" aria-label=\"Brandenburgische Verein Neue Musik e.V. (\u00f6ffnet in neuem Tab)\" href=\"http:\/\/www.neue-musik-brandenburg.de\/\" target=\"_blank\">Bran\u00adden\u00adbur\u00adgi\u00adscher Ver\u00adein Neue Musik e.V.<\/a> <\/p>\n\n\n\n<div style=\"height:150px\" aria-hidden=\"true\" class=\"wp-block-spacer\"><\/div>\n\n\n\n<p><\/p>\n","protected":false},"excerpt":{"rendered":"<p>Der Bran\u00adden\u00adbur\u00adgi\u00adsche Ver\u00adein Neue Musik e.V. ist ein Zusam\u00admen\u00adschluss von Per\u00adso\u00adnen, die auf dem Gebiet der Musik t\u00e4tig sind. Der Ver\u00adein ver\u00adsteht sich als Zen\u00adtrum, Ver\u00adtre\u00adter und Initia\u00adtor f\u00fcr zeit\u00adge\u00adn\u00f6s\u00adsi\u00adsche Musik im Lan\u00adde Bran\u00adden\u00adburg. Kom\u00adpo\u00adnis\u00adten, Musik\u00adwis\u00adsen\u00adschaft\u00adler, Inter\u00adpre\u00adten sowie Musik\u00adp\u00e4d\u00adago\u00adgen der Regio\u00adnen Pots\u00addam, Frank\u00adfurt (Oder) und Cott\u00adbus schlos\u00adsen sich im&nbsp;Jahre\u2026&nbsp;<\/p>\n","protected":false},"author":1,"featured_media":0,"parent":2445,"menu_order":0,"comment_status":"closed","ping_status":"closed","template":"","meta":{"wp_typography_post_enhancements_disabled":false,"footnotes":""},"class_list":["post-2454","page","type-page","status-publish","hentry"],"yoast_head":"<!-- This site is optimized with the Yoast SEO plugin v27.4 - https:\/\/yoast.com\/product\/yoast-seo-wordpress\/ -->\n<title>BVNM | Brandenburgischer Verein Neue Musik e.V. - netzwerk neue musik brandenburg<\/title>\n<meta name=\"description\" content=\"Der Brandenburgische Verein Neue Musik e.V. ist ein Zusammenschluss von Personen, die auf dem Gebiet der Musik t\u00e4tig sind. Der Verein versteht sich als Zentrum, Vertreter und Initiator f\u00fcr zeitgen\u00f6ssische Musik im Lande Brandenburg. Komponisten, Musikwissenschaftler, Interpreten sowie Musikp\u00e4dagogen der Regionen Potsdam, Frankfurt (Oder) und Cottbus schlossen sich im Jahre 1990 zu einer landesweit wirkenden Vereinigung zusammen, um ihre Interessen und Ziele wahren und verwirklichen zu k\u00f6nnen.\" \/>\n<meta name=\"robots\" content=\"index, follow, max-snippet:-1, max-image-preview:large, max-video-preview:-1\" \/>\n<link rel=\"canonical\" href=\"https:\/\/nnm-brandenburg.de\/index.php\/netzwerk\/institutionen\/bvnm\/\" \/>\n<meta property=\"og:locale\" content=\"de_DE\" \/>\n<meta property=\"og:type\" content=\"article\" \/>\n<meta property=\"og:title\" content=\"BVNM | Brandenburgischer Verein Neue Musik e.V. - netzwerk neue musik brandenburg\" \/>\n<meta property=\"og:description\" content=\"Der Brandenburgische Verein Neue Musik e.V. ist ein Zusammenschluss von Personen, die auf dem Gebiet der Musik t\u00e4tig sind. Der Verein versteht sich als Zentrum, Vertreter und Initiator f\u00fcr zeitgen\u00f6ssische Musik im Lande Brandenburg. Komponisten, Musikwissenschaftler, Interpreten sowie Musikp\u00e4dagogen der Regionen Potsdam, Frankfurt (Oder) und Cottbus schlossen sich im Jahre 1990 zu einer landesweit wirkenden Vereinigung zusammen, um ihre Interessen und Ziele wahren und verwirklichen zu k\u00f6nnen.\" \/>\n<meta property=\"og:url\" content=\"https:\/\/nnm-brandenburg.de\/index.php\/netzwerk\/institutionen\/bvnm\/\" \/>\n<meta property=\"og:site_name\" content=\"netzwerk neue musik brandenburg\" \/>\n<meta property=\"article:modified_time\" content=\"2020-03-26T11:36:17+00:00\" \/>\n<meta property=\"og:image\" content=\"https:\/\/nnm-brandenburg.de\/nnm\/wp-content\/uploads\/2020\/02\/BVNM-Logo-Quadrat-mit-weiss.jpg\" \/>\n<meta name=\"twitter:card\" content=\"summary_large_image\" \/>\n<meta name=\"twitter:label1\" content=\"Gesch\u00e4tzte Lesezeit\" \/>\n\t<meta name=\"twitter:data1\" content=\"2\u00a0Minuten\" \/>\n<script type=\"application\/ld+json\" class=\"yoast-schema-graph\">{\"@context\":\"https:\\\/\\\/schema.org\",\"@graph\":[{\"@type\":\"WebPage\",\"@id\":\"https:\\\/\\\/nnm-brandenburg.de\\\/index.php\\\/netzwerk\\\/institutionen\\\/bvnm\\\/\",\"url\":\"https:\\\/\\\/nnm-brandenburg.de\\\/index.php\\\/netzwerk\\\/institutionen\\\/bvnm\\\/\",\"name\":\"BVNM | Brandenburgischer Verein Neue Musik e.V. - netzwerk neue musik brandenburg\",\"isPartOf\":{\"@id\":\"https:\\\/\\\/nnm-brandenburg.de\\\/#website\"},\"primaryImageOfPage\":{\"@id\":\"https:\\\/\\\/nnm-brandenburg.de\\\/index.php\\\/netzwerk\\\/institutionen\\\/bvnm\\\/#primaryimage\"},\"image\":{\"@id\":\"https:\\\/\\\/nnm-brandenburg.de\\\/index.php\\\/netzwerk\\\/institutionen\\\/bvnm\\\/#primaryimage\"},\"thumbnailUrl\":\"https:\\\/\\\/nnm-brandenburg.de\\\/nnm\\\/wp-content\\\/uploads\\\/2020\\\/02\\\/BVNM-Logo-Quadrat-mit-weiss.jpg\",\"datePublished\":\"2019-12-03T10:15:51+00:00\",\"dateModified\":\"2020-03-26T11:36:17+00:00\",\"description\":\"Der Brandenburgische Verein Neue Musik e.V. ist ein Zusammenschluss von Personen, die auf dem Gebiet der Musik t\u00e4tig sind. Der Verein versteht sich als Zentrum, Vertreter und Initiator f\u00fcr zeitgen\u00f6ssische Musik im Lande Brandenburg. Komponisten, Musikwissenschaftler, Interpreten sowie Musikp\u00e4dagogen der Regionen Potsdam, Frankfurt (Oder) und Cottbus schlossen sich im Jahre 1990 zu einer landesweit wirkenden Vereinigung zusammen, um ihre Interessen und Ziele wahren und verwirklichen zu k\u00f6nnen.\",\"breadcrumb\":{\"@id\":\"https:\\\/\\\/nnm-brandenburg.de\\\/index.php\\\/netzwerk\\\/institutionen\\\/bvnm\\\/#breadcrumb\"},\"inLanguage\":\"de\",\"potentialAction\":[{\"@type\":\"ReadAction\",\"target\":[\"https:\\\/\\\/nnm-brandenburg.de\\\/index.php\\\/netzwerk\\\/institutionen\\\/bvnm\\\/\"]}]},{\"@type\":\"ImageObject\",\"inLanguage\":\"de\",\"@id\":\"https:\\\/\\\/nnm-brandenburg.de\\\/index.php\\\/netzwerk\\\/institutionen\\\/bvnm\\\/#primaryimage\",\"url\":\"https:\\\/\\\/nnm-brandenburg.de\\\/nnm\\\/wp-content\\\/uploads\\\/2020\\\/02\\\/BVNM-Logo-Quadrat-mit-weiss.jpg\",\"contentUrl\":\"https:\\\/\\\/nnm-brandenburg.de\\\/nnm\\\/wp-content\\\/uploads\\\/2020\\\/02\\\/BVNM-Logo-Quadrat-mit-weiss.jpg\"},{\"@type\":\"BreadcrumbList\",\"@id\":\"https:\\\/\\\/nnm-brandenburg.de\\\/index.php\\\/netzwerk\\\/institutionen\\\/bvnm\\\/#breadcrumb\",\"itemListElement\":[{\"@type\":\"ListItem\",\"position\":1,\"name\":\"Startseite\",\"item\":\"https:\\\/\\\/nnm-brandenburg.de\\\/\"},{\"@type\":\"ListItem\",\"position\":2,\"name\":\"Netzwerk\",\"item\":\"https:\\\/\\\/nnm-brandenburg.de\\\/index.php\\\/netzwerk\\\/\"},{\"@type\":\"ListItem\",\"position\":3,\"name\":\"Institutionen | Vereine\",\"item\":\"https:\\\/\\\/nnm-brandenburg.de\\\/index.php\\\/netzwerk\\\/institutionen\\\/\"},{\"@type\":\"ListItem\",\"position\":4,\"name\":\"BVNM | Brandenburgischer Verein Neue Musik e.V.\"}]},{\"@type\":\"WebSite\",\"@id\":\"https:\\\/\\\/nnm-brandenburg.de\\\/#website\",\"url\":\"https:\\\/\\\/nnm-brandenburg.de\\\/\",\"name\":\"Netzwerk Neue Musik Brandenburg\",\"description\":\"Eine Initiative des Landesmusikrates Brandenburg\",\"publisher\":{\"@id\":\"https:\\\/\\\/nnm-brandenburg.de\\\/#organization\"},\"potentialAction\":[{\"@type\":\"SearchAction\",\"target\":{\"@type\":\"EntryPoint\",\"urlTemplate\":\"https:\\\/\\\/nnm-brandenburg.de\\\/?s={search_term_string}\"},\"query-input\":{\"@type\":\"PropertyValueSpecification\",\"valueRequired\":true,\"valueName\":\"search_term_string\"}}],\"inLanguage\":\"de\"},{\"@type\":\"Organization\",\"@id\":\"https:\\\/\\\/nnm-brandenburg.de\\\/#organization\",\"name\":\"Netzwerk Neue Musik Brandenburg\",\"url\":\"https:\\\/\\\/nnm-brandenburg.de\\\/\",\"logo\":{\"@type\":\"ImageObject\",\"inLanguage\":\"de\",\"@id\":\"https:\\\/\\\/nnm-brandenburg.de\\\/#\\\/schema\\\/logo\\\/image\\\/\",\"url\":\"https:\\\/\\\/nnm-brandenburg.de\\\/nnm\\\/wp-content\\\/uploads\\\/2020\\\/02\\\/lmr_logo_sign_vorn.png\",\"contentUrl\":\"https:\\\/\\\/nnm-brandenburg.de\\\/nnm\\\/wp-content\\\/uploads\\\/2020\\\/02\\\/lmr_logo_sign_vorn.png\",\"width\":1920,\"height\":472,\"caption\":\"Netzwerk Neue Musik Brandenburg\"},\"image\":{\"@id\":\"https:\\\/\\\/nnm-brandenburg.de\\\/#\\\/schema\\\/logo\\\/image\\\/\"}}]}<\/script>\n<!-- \/ Yoast SEO plugin. -->","yoast_head_json":{"title":"BVNM | Brandenburgischer Verein Neue Musik e.V. - netzwerk neue musik brandenburg","description":"Der Brandenburgische Verein Neue Musik e.V. ist ein Zusammenschluss von Personen, die auf dem Gebiet der Musik t\u00e4tig sind. Der Verein versteht sich als Zentrum, Vertreter und Initiator f\u00fcr zeitgen\u00f6ssische Musik im Lande Brandenburg. Komponisten, Musikwissenschaftler, Interpreten sowie Musikp\u00e4dagogen der Regionen Potsdam, Frankfurt (Oder) und Cottbus schlossen sich im Jahre 1990 zu einer landesweit wirkenden Vereinigung zusammen, um ihre Interessen und Ziele wahren und verwirklichen zu k\u00f6nnen.","robots":{"index":"index","follow":"follow","max-snippet":"max-snippet:-1","max-image-preview":"max-image-preview:large","max-video-preview":"max-video-preview:-1"},"canonical":"https:\/\/nnm-brandenburg.de\/index.php\/netzwerk\/institutionen\/bvnm\/","og_locale":"de_DE","og_type":"article","og_title":"BVNM | Brandenburgischer Verein Neue Musik e.V. - netzwerk neue musik brandenburg","og_description":"Der Brandenburgische Verein Neue Musik e.V. ist ein Zusammenschluss von Personen, die auf dem Gebiet der Musik t\u00e4tig sind. Der Verein versteht sich als Zentrum, Vertreter und Initiator f\u00fcr zeitgen\u00f6ssische Musik im Lande Brandenburg. Komponisten, Musikwissenschaftler, Interpreten sowie Musikp\u00e4dagogen der Regionen Potsdam, Frankfurt (Oder) und Cottbus schlossen sich im Jahre 1990 zu einer landesweit wirkenden Vereinigung zusammen, um ihre Interessen und Ziele wahren und verwirklichen zu k\u00f6nnen.","og_url":"https:\/\/nnm-brandenburg.de\/index.php\/netzwerk\/institutionen\/bvnm\/","og_site_name":"netzwerk neue musik brandenburg","article_modified_time":"2020-03-26T11:36:17+00:00","og_image":[{"url":"https:\/\/nnm-brandenburg.de\/nnm\/wp-content\/uploads\/2020\/02\/BVNM-Logo-Quadrat-mit-weiss.jpg","type":"","width":"","height":""}],"twitter_card":"summary_large_image","twitter_misc":{"Gesch\u00e4tzte Lesezeit":"2\u00a0Minuten"},"schema":{"@context":"https:\/\/schema.org","@graph":[{"@type":"WebPage","@id":"https:\/\/nnm-brandenburg.de\/index.php\/netzwerk\/institutionen\/bvnm\/","url":"https:\/\/nnm-brandenburg.de\/index.php\/netzwerk\/institutionen\/bvnm\/","name":"BVNM | Brandenburgischer Verein Neue Musik e.V. - netzwerk neue musik brandenburg","isPartOf":{"@id":"https:\/\/nnm-brandenburg.de\/#website"},"primaryImageOfPage":{"@id":"https:\/\/nnm-brandenburg.de\/index.php\/netzwerk\/institutionen\/bvnm\/#primaryimage"},"image":{"@id":"https:\/\/nnm-brandenburg.de\/index.php\/netzwerk\/institutionen\/bvnm\/#primaryimage"},"thumbnailUrl":"https:\/\/nnm-brandenburg.de\/nnm\/wp-content\/uploads\/2020\/02\/BVNM-Logo-Quadrat-mit-weiss.jpg","datePublished":"2019-12-03T10:15:51+00:00","dateModified":"2020-03-26T11:36:17+00:00","description":"Der Brandenburgische Verein Neue Musik e.V. ist ein Zusammenschluss von Personen, die auf dem Gebiet der Musik t\u00e4tig sind. Der Verein versteht sich als Zentrum, Vertreter und Initiator f\u00fcr zeitgen\u00f6ssische Musik im Lande Brandenburg. Komponisten, Musikwissenschaftler, Interpreten sowie Musikp\u00e4dagogen der Regionen Potsdam, Frankfurt (Oder) und Cottbus schlossen sich im Jahre 1990 zu einer landesweit wirkenden Vereinigung zusammen, um ihre Interessen und Ziele wahren und verwirklichen zu k\u00f6nnen.","breadcrumb":{"@id":"https:\/\/nnm-brandenburg.de\/index.php\/netzwerk\/institutionen\/bvnm\/#breadcrumb"},"inLanguage":"de","potentialAction":[{"@type":"ReadAction","target":["https:\/\/nnm-brandenburg.de\/index.php\/netzwerk\/institutionen\/bvnm\/"]}]},{"@type":"ImageObject","inLanguage":"de","@id":"https:\/\/nnm-brandenburg.de\/index.php\/netzwerk\/institutionen\/bvnm\/#primaryimage","url":"https:\/\/nnm-brandenburg.de\/nnm\/wp-content\/uploads\/2020\/02\/BVNM-Logo-Quadrat-mit-weiss.jpg","contentUrl":"https:\/\/nnm-brandenburg.de\/nnm\/wp-content\/uploads\/2020\/02\/BVNM-Logo-Quadrat-mit-weiss.jpg"},{"@type":"BreadcrumbList","@id":"https:\/\/nnm-brandenburg.de\/index.php\/netzwerk\/institutionen\/bvnm\/#breadcrumb","itemListElement":[{"@type":"ListItem","position":1,"name":"Startseite","item":"https:\/\/nnm-brandenburg.de\/"},{"@type":"ListItem","position":2,"name":"Netzwerk","item":"https:\/\/nnm-brandenburg.de\/index.php\/netzwerk\/"},{"@type":"ListItem","position":3,"name":"Institutionen | Vereine","item":"https:\/\/nnm-brandenburg.de\/index.php\/netzwerk\/institutionen\/"},{"@type":"ListItem","position":4,"name":"BVNM | Brandenburgischer Verein Neue Musik e.V."}]},{"@type":"WebSite","@id":"https:\/\/nnm-brandenburg.de\/#website","url":"https:\/\/nnm-brandenburg.de\/","name":"Netzwerk Neue Musik Brandenburg","description":"Eine Initiative des Landesmusikrates Brandenburg","publisher":{"@id":"https:\/\/nnm-brandenburg.de\/#organization"},"potentialAction":[{"@type":"SearchAction","target":{"@type":"EntryPoint","urlTemplate":"https:\/\/nnm-brandenburg.de\/?s={search_term_string}"},"query-input":{"@type":"PropertyValueSpecification","valueRequired":true,"valueName":"search_term_string"}}],"inLanguage":"de"},{"@type":"Organization","@id":"https:\/\/nnm-brandenburg.de\/#organization","name":"Netzwerk Neue Musik Brandenburg","url":"https:\/\/nnm-brandenburg.de\/","logo":{"@type":"ImageObject","inLanguage":"de","@id":"https:\/\/nnm-brandenburg.de\/#\/schema\/logo\/image\/","url":"https:\/\/nnm-brandenburg.de\/nnm\/wp-content\/uploads\/2020\/02\/lmr_logo_sign_vorn.png","contentUrl":"https:\/\/nnm-brandenburg.de\/nnm\/wp-content\/uploads\/2020\/02\/lmr_logo_sign_vorn.png","width":1920,"height":472,"caption":"Netzwerk Neue Musik Brandenburg"},"image":{"@id":"https:\/\/nnm-brandenburg.de\/#\/schema\/logo\/image\/"}}]}},"publishpress_future_action":{"enabled":false,"date":"2026-04-25 07:26:36","action":"change-status","newStatus":"draft","terms":[],"taxonomy":"","extraData":[]},"publishpress_future_workflow_manual_trigger":{"enabledWorkflows":[]},"_links":{"self":[{"href":"https:\/\/nnm-brandenburg.de\/index.php\/wp-json\/wp\/v2\/pages\/2454","targetHints":{"allow":["GET"]}}],"collection":[{"href":"https:\/\/nnm-brandenburg.de\/index.php\/wp-json\/wp\/v2\/pages"}],"about":[{"href":"https:\/\/nnm-brandenburg.de\/index.php\/wp-json\/wp\/v2\/types\/page"}],"author":[{"embeddable":true,"href":"https:\/\/nnm-brandenburg.de\/index.php\/wp-json\/wp\/v2\/users\/1"}],"replies":[{"embeddable":true,"href":"https:\/\/nnm-brandenburg.de\/index.php\/wp-json\/wp\/v2\/comments?post=2454"}],"version-history":[{"count":16,"href":"https:\/\/nnm-brandenburg.de\/index.php\/wp-json\/wp\/v2\/pages\/2454\/revisions"}],"predecessor-version":[{"id":3696,"href":"https:\/\/nnm-brandenburg.de\/index.php\/wp-json\/wp\/v2\/pages\/2454\/revisions\/3696"}],"up":[{"embeddable":true,"href":"https:\/\/nnm-brandenburg.de\/index.php\/wp-json\/wp\/v2\/pages\/2445"}],"wp:attachment":[{"href":"https:\/\/nnm-brandenburg.de\/index.php\/wp-json\/wp\/v2\/media?parent=2454"}],"curies":[{"name":"wp","href":"https:\/\/api.w.org\/{rel}","templated":true}]}}