{"id":3201,"date":"2020-02-11T12:36:10","date_gmt":"2020-02-11T11:36:10","guid":{"rendered":"https:\/\/nnm-brandenburg.de\/nnm\/?page_id=3201"},"modified":"2020-03-26T12:25:40","modified_gmt":"2020-03-26T11:25:40","slug":"philharmonisches-orchester-des-staatstheaters-cottbus","status":"publish","type":"page","link":"https:\/\/nnm-brandenburg.de\/index.php\/netzwerk\/ensembles\/philharmonisches-orchester-des-staatstheaters-cottbus\/","title":{"rendered":"Philharmonisches Orchester des Staatstheaters Cottbus"},"content":{"rendered":"\n<div class=\"alignnormal\"><div id=\"metaslider-id-3351\" style=\"max-width: 800px;\" class=\"ml-slider-3-108-0 metaslider metaslider-flex metaslider-3351 ml-slider has-dots-nav ms-theme-default\" role=\"region\" aria-label=\"Das Philharmonische Orchester des Staatstheaters Cottbus\" data-height=\"400\" data-width=\"800\">\n    <div id=\"metaslider_container_3351\">\n        <div id=\"metaslider_3351\">\n            <ul class=\"slides\">\n                <li style=\"display: block; width: 100%;\" class=\"slide-3352 ms-image \" aria-roledescription=\"slide\" data-date=\"2020-02-20 12:49:04\" data-filename=\"Orchester_19_1_-Foto-von-Marlies-Kross_1024x517-800x400.jpg\" data-slide-type=\"image\"><img decoding=\"async\" src=\"https:\/\/nnm-brandenburg.de\/wp-content\/uploads\/2020\/02\/Orchester_19_1_-Foto-von-Marlies-Kross_1024x517-800x400.jpg\" height=\"400\" width=\"800\" alt class=\"slider-3351 slide-3352 msDefaultImage\" title=\"Philharmonisches Orchester des Staatstheaters Cottbus | \u00a9 M. Kross\"><\/li>\n                <li style=\"display: none; width: 100%;\" class=\"slide-3354 ms-image \" aria-roledescription=\"slide\" data-date=\"2020-02-20 12:52:14\" data-filename=\"Orchester_19_2_Foto-von-Marlies-Kross_1024x517-scaled-800x400.jpg\" data-slide-type=\"image\"><img decoding=\"async\" src=\"https:\/\/nnm-brandenburg.de\/wp-content\/uploads\/2020\/02\/Orchester_19_2_Foto-von-Marlies-Kross_1024x517-scaled-800x400.jpg\" height=\"400\" width=\"800\" alt class=\"slider-3351 slide-3354 msDefaultImage\" title=\"Philharmonisches Orchester des Staatstheaters Cottbus | \u00a9 M. Kross\"><\/li>\n            <\/ul>\n        <\/div>\n        \n    <\/div>\n<\/div><\/div>\n\n\n\n<div style=\"height:30px\" aria-hidden=\"true\" class=\"wp-block-spacer\"><\/div>\n\n\n\n<p class=\"block\">Das Phil\u00adhar\u00admo\u00adni\u00adsche Orches\u00adter des Staats\u00adthea\u00adters Cott\u00adbus blickt auf eine \u00fcber hun\u00addert\u00adj\u00e4h\u00adri\u00adge Geschich\u00adte als Opern- und Kon\u00adzert\u00ador\u00adches\u00adter zur\u00fcck. Seit Okto\u00adber 1912 sind Auf\u00adf\u00fch\u00adrun\u00adgen des thea\u00adter\u00adei\u00adge\u00adnen Orches\u00adters doku\u00admen\u00adtiert.<br> <br>Im Zen\u00adtrum ste\u00adhen die Phil\u00adhar\u00admo\u00adni\u00adschen Kon\u00adzer\u00adte, in denen neben zen\u00adtra\u00adlen Wer\u00adken des Reper\u00adtoires Musik des 20. und 21. Jahr\u00adhun\u00adderts brei\u00adten Raum ein\u00adnimmt. Mit Beginn der Spiel\u00adzeit 2009\/10 star\u00adte\u00adte das bundes\u2011, wenn nicht welt\u00adweit ein\u00adma\u00adli\u00adge Pro\u00adjekt \u201eAcht Urauf\u00adf\u00fch\u00adrun\u00adgen in acht Kon\u00adzer\u00adten\u201c. Hier\u00adf\u00fcr gab das Orches\u00adter bis Ende der Spiel\u00adzeit 2018\/19 f\u00fcr jedes der acht Abon\u00adne\u00adments\u00adkon\u00adzer\u00adte pro Sai\u00adson bei bekann\u00adten und weni\u00adger bekann\u00adten Kom\u00adpo\u00adnis\u00adten ein Werk in Auf\u00adtrag. Die\u00adse Rei\u00adhe fand \u00fcber\u00adre\u00adgio\u00adnal gro\u00ad\u00dfe Beach\u00adtung.<br> <br>Im M\u00e4rz 2011 wur\u00adde dem Orches\u00adter die Aus\u00adzeich\u00adnung \u201eBes\u00adtes Kon\u00adzert\u00adpro\u00adgramm\u201c des Deut\u00adschen Musik\u00adver\u00adle\u00adger-Ver\u00adban\u00addes e.V. (DMV) f\u00fcr die Sai\u00adson 2010\/2011 ver\u00adlie\u00adhen f\u00fcr das muti\u00adge und kon\u00adse\u00adquen\u00adte Pro\u00adgramm\u00adkon\u00adzept, das der Gegen\u00adwarts\u00admu\u00adsik einen Stel\u00adlen\u00adwert ein\u00adr\u00e4umt, wie er in die\u00adsem Umfang bei kei\u00adnem ande\u00adren deut\u00adschen Sin\u00adfo\u00adnie\u00ador\u00adches\u00adter ver\u00adtre\u00adten ist, und f\u00fcr das gro\u00ad\u00dfe Enga\u00adge\u00adment auf dem Gebiet der Musik\u00adver\u00admitt\u00adlung f\u00fcr Kin\u00adder und Jugend\u00adli\u00adche inner\u00adhalb der Akti\u00adon \u201eTakt!Los. Die Musik\u00adpa\u00adten\u201c. Die Freu\u00adde an Musik und das musi\u00adka\u00adli\u00adsche Ver\u00adst\u00e4nd\u00adnis gera\u00adde auch bei Kin\u00addern und Jugend\u00adli\u00adchen zu f\u00f6r\u00addern, lie\u00adgen dem Orches\u00adter und sei\u00adnem Musi\u00adka\u00adli\u00adschen Lei\u00adter am Her\u00adzen. Regel\u00adm\u00e4\u00ad\u00dfi\u00adger Aus\u00adtausch und Zusam\u00admen\u00adar\u00adbeit mit Paten- und wei\u00adte\u00adren Schu\u00adlen sowie gro\u00df\u00adan\u00adge\u00adleg\u00adte Son\u00adder\u00adpro\u00adjek\u00adte mit Schu\u00adlen sind f\u00fcr sie eben\u00adso selbst\u00adver\u00adst\u00e4nd\u00adlich wie Schul- und Fami\u00adli\u00aden\u00adkon\u00adzer\u00adte oder Kam\u00admer\u00adkon\u00adzer\u00adte f\u00fcr Kleinst\u00adkin\u00adder und deren Eltern. Mit Flash Mobs, Frei\u00adlicht\u00adkon\u00adzer\u00adten und wei\u00adte\u00adren Aktio\u00adnen brin\u00adgen Orches\u00adter und Diri\u00adgent ihre Musik zu den Men\u00adschen in der Stadt: auf Pl\u00e4t\u00adze, in Ein\u00adkaufs\u00adzen\u00adtren und Gesch\u00e4f\u00adte, in die Uni\u00adver\u00adsi\u00adt\u00e4t, in den von F\u00fcrst P\u00fcck\u00adler gestal\u00adte\u00adten Bra\u00adnit\u00adzer Park. So wol\u00adlen sie Neu\u00adgier wecken und Hemm\u00adschwel\u00adlen abbau\u00aden.<br> <br>Das Orches\u00adter gas\u00adtiert regel\u00adm\u00e4\u00ad\u00dfig an Bran\u00adden\u00adbur\u00adger Thea\u00adtern und an pro\u00admi\u00adnen\u00adter Stel\u00adle bei den Bran\u00adden\u00adbur\u00adgi\u00adschen Som\u00admer\u00adkon\u00adzer\u00adten. Wei\u00adte\u00adre Gast\u00adspie\u00adle f\u00fch\u00adren es nach Win\u00adter\u00adthur, Ber\u00adlin und Paris sowie 2014 erst\u00admals zum Fes\u00adti\u00adval Music\u00e1 Mal\u00adlor\u00adca.<br> <br>Meh\u00adre\u00adre CD-Ver\u00ad\u00f6f\u00adfent\u00adli\u00adchun\u00adgen doku\u00admen\u00adtie\u00adren die k\u00fcnst\u00adle\u00adri\u00adsche Band\u00adbrei\u00adte und die inter\u00adpre\u00adta\u00adto\u00adri\u00adsche Qua\u00adli\u00adt\u00e4t des Orches\u00adters, dar\u00adun\u00adter his\u00adto\u00adri\u00adsche Auf\u00adnah\u00admen, eine CD mit Film\u00admu\u00adsik von John Wil\u00adliams und eine Ein\u00adspie\u00adlung der ers\u00adten 24 Wer\u00adke der \u201eAcht Urauf\u00adf\u00fch\u00adrun\u00adgen\u201c.<br> <br>In der Spiel\u00adzeit 2019\/2020 stellt GMD Alex\u00adan\u00adder Mer\u00adzyn Deutsch\u00adland und sei\u00adne Nach\u00adbar\u00adl\u00e4n\u00adder in den Mit\u00adtel\u00adpunkt der Pro\u00adgram\u00adme der Phil\u00adhar\u00admo\u00adni\u00adschen Kon\u00adzer\u00adte. Wer\u00adke Beet\u00adho\u00advens sind im Kon\u00adzert\u00adpro\u00adgramm reich\u00adlich ver\u00adtre\u00adten. Im Jubi\u00adl\u00e4\u00adums\u00adjahr w\u00fcr\u00addi\u00adgen den gro\u00ad\u00dfen Kom\u00adpo\u00adnis\u00adten ins\u00adbe\u00adson\u00adde\u00adre kon\u00adzer\u00adtan\u00adte Auf\u00adf\u00fch\u00adrun\u00adgen von \u201eFide\u00adlio\u201c und ein Wochen\u00aden\u00adde (12. und 13. April 2020), an dem s\u00e4mt\u00adli\u00adche Kla\u00advier\u00adkon\u00adzer\u00adte Beet\u00adho\u00advens sowie wei\u00adte\u00adre Kla\u00advier- und Kam\u00admer\u00admu\u00adsik\u00adwer\u00adke und Lie\u00adder aus sei\u00adner Feder zu erle\u00adben&nbsp;sind.<\/p>\n\n\n\n<p>Kon\u00adtakt:  <a style=\"text-decoration: none;\" rel=\"noreferrer noopener\" aria-label=\"Philharmonische Orchester des Staatstheaters Cottbus (\u00f6ffnet in neuem Tab)\" href=\"https:\/\/www.staatstheater-cottbus.de\/mitarbeiter\/philharmonisches-orchester\/\" target=\"_blank\">Phil\u00adhar\u00admo\u00adni\u00adsches Orches\u00adter des Staats\u00adthea\u00adters Cott\u00adbus<\/a> <\/p>\n\n\n\n<div style=\"height:150px\" aria-hidden=\"true\" class=\"wp-block-spacer\"><\/div>\n","protected":false},"excerpt":{"rendered":"<p>Das Phil\u00adhar\u00admo\u00adni\u00adsche Orches\u00adter des Staats\u00adthea\u00adters Cott\u00adbus blickt auf eine \u00fcber hun\u00addert\u00adj\u00e4h\u00adri\u00adge Geschich\u00adte als Opern- und Kon\u00adzert\u00ador\u00adches\u00adter zur\u00fcck. Seit Okto\u00adber 1912 sind Auf\u00adf\u00fch\u00adrun\u00adgen des thea\u00adter\u00adei\u00adge\u00adnen Orches\u00adters doku\u00admen\u00adtiert. Im Zen\u00adtrum ste\u00adhen die Phil\u00adhar\u00admo\u00adni\u00adschen Kon\u00adzer\u00adte, in denen neben zen\u00adtra\u00adlen Wer\u00adken des Reper\u00adtoires Musik des 20. und 21. Jahr\u00adhun\u00adderts brei\u00adten Raum ein\u00adnimmt. Mit Beginn\u2026&nbsp;<\/p>\n","protected":false},"author":1,"featured_media":0,"parent":2217,"menu_order":0,"comment_status":"closed","ping_status":"closed","template":"","meta":{"wp_typography_post_enhancements_disabled":false,"footnotes":""},"class_list":["post-3201","page","type-page","status-publish","hentry"],"yoast_head":"<!-- This site is optimized with the Yoast SEO plugin v27.4 - https:\/\/yoast.com\/product\/yoast-seo-wordpress\/ -->\n<title>Philharmonisches Orchester des Staatstheaters Cottbus - netzwerk neue musik brandenburg<\/title>\n<meta name=\"description\" content=\"Das Philharmonische Orchester des Staatstheaters Cottbus blickt auf eine \u00fcber hundertj\u00e4hrige Geschichte als Opern- und Konzertorchester zur\u00fcck. Seit Oktober 1912 sind Auff\u00fchrungen des theatereigenen Orchesters dokumentiert. Im Zentrum stehen die Philharmonischen Konzerte, in denen neben zentralen Werken des Repertoires Musik des 20. und 21. Jahrhunderts breiten Raum einnimmt.\" \/>\n<meta name=\"robots\" content=\"index, follow, max-snippet:-1, max-image-preview:large, max-video-preview:-1\" \/>\n<link rel=\"canonical\" href=\"https:\/\/nnm-brandenburg.de\/index.php\/netzwerk\/ensembles\/philharmonisches-orchester-des-staatstheaters-cottbus\/\" \/>\n<meta property=\"og:locale\" content=\"de_DE\" \/>\n<meta property=\"og:type\" content=\"article\" \/>\n<meta property=\"og:title\" content=\"Philharmonisches Orchester des Staatstheaters Cottbus - netzwerk neue musik brandenburg\" \/>\n<meta property=\"og:description\" content=\"Das Philharmonische Orchester des Staatstheaters Cottbus blickt auf eine \u00fcber hundertj\u00e4hrige Geschichte als Opern- und Konzertorchester zur\u00fcck. Seit Oktober 1912 sind Auff\u00fchrungen des theatereigenen Orchesters dokumentiert. Im Zentrum stehen die Philharmonischen Konzerte, in denen neben zentralen Werken des Repertoires Musik des 20. und 21. Jahrhunderts breiten Raum einnimmt.\" \/>\n<meta property=\"og:url\" content=\"https:\/\/nnm-brandenburg.de\/index.php\/netzwerk\/ensembles\/philharmonisches-orchester-des-staatstheaters-cottbus\/\" \/>\n<meta property=\"og:site_name\" content=\"netzwerk neue musik brandenburg\" \/>\n<meta property=\"article:modified_time\" content=\"2020-03-26T11:25:40+00:00\" \/>\n<meta name=\"twitter:card\" content=\"summary_large_image\" \/>\n<meta name=\"twitter:label1\" content=\"Gesch\u00e4tzte Lesezeit\" \/>\n\t<meta name=\"twitter:data1\" content=\"2\u00a0Minuten\" \/>\n<script type=\"application\/ld+json\" class=\"yoast-schema-graph\">{\"@context\":\"https:\\\/\\\/schema.org\",\"@graph\":[{\"@type\":\"WebPage\",\"@id\":\"https:\\\/\\\/nnm-brandenburg.de\\\/index.php\\\/netzwerk\\\/ensembles\\\/philharmonisches-orchester-des-staatstheaters-cottbus\\\/\",\"url\":\"https:\\\/\\\/nnm-brandenburg.de\\\/index.php\\\/netzwerk\\\/ensembles\\\/philharmonisches-orchester-des-staatstheaters-cottbus\\\/\",\"name\":\"Philharmonisches Orchester des Staatstheaters Cottbus - netzwerk neue musik brandenburg\",\"isPartOf\":{\"@id\":\"https:\\\/\\\/nnm-brandenburg.de\\\/#website\"},\"datePublished\":\"2020-02-11T11:36:10+00:00\",\"dateModified\":\"2020-03-26T11:25:40+00:00\",\"description\":\"Das Philharmonische Orchester des Staatstheaters Cottbus blickt auf eine \u00fcber hundertj\u00e4hrige Geschichte als Opern- und Konzertorchester zur\u00fcck. Seit Oktober 1912 sind Auff\u00fchrungen des theatereigenen Orchesters dokumentiert. Im Zentrum stehen die Philharmonischen Konzerte, in denen neben zentralen Werken des Repertoires Musik des 20. und 21. Jahrhunderts breiten Raum einnimmt.\",\"breadcrumb\":{\"@id\":\"https:\\\/\\\/nnm-brandenburg.de\\\/index.php\\\/netzwerk\\\/ensembles\\\/philharmonisches-orchester-des-staatstheaters-cottbus\\\/#breadcrumb\"},\"inLanguage\":\"de\",\"potentialAction\":[{\"@type\":\"ReadAction\",\"target\":[\"https:\\\/\\\/nnm-brandenburg.de\\\/index.php\\\/netzwerk\\\/ensembles\\\/philharmonisches-orchester-des-staatstheaters-cottbus\\\/\"]}]},{\"@type\":\"BreadcrumbList\",\"@id\":\"https:\\\/\\\/nnm-brandenburg.de\\\/index.php\\\/netzwerk\\\/ensembles\\\/philharmonisches-orchester-des-staatstheaters-cottbus\\\/#breadcrumb\",\"itemListElement\":[{\"@type\":\"ListItem\",\"position\":1,\"name\":\"Startseite\",\"item\":\"https:\\\/\\\/nnm-brandenburg.de\\\/\"},{\"@type\":\"ListItem\",\"position\":2,\"name\":\"Netzwerk\",\"item\":\"https:\\\/\\\/nnm-brandenburg.de\\\/index.php\\\/netzwerk\\\/\"},{\"@type\":\"ListItem\",\"position\":3,\"name\":\"Ensembles | Orchester\",\"item\":\"https:\\\/\\\/nnm-brandenburg.de\\\/index.php\\\/netzwerk\\\/ensembles\\\/\"},{\"@type\":\"ListItem\",\"position\":4,\"name\":\"Philharmonisches Orchester des Staatstheaters Cottbus\"}]},{\"@type\":\"WebSite\",\"@id\":\"https:\\\/\\\/nnm-brandenburg.de\\\/#website\",\"url\":\"https:\\\/\\\/nnm-brandenburg.de\\\/\",\"name\":\"Netzwerk Neue Musik Brandenburg\",\"description\":\"Eine Initiative des Landesmusikrates Brandenburg\",\"publisher\":{\"@id\":\"https:\\\/\\\/nnm-brandenburg.de\\\/#organization\"},\"potentialAction\":[{\"@type\":\"SearchAction\",\"target\":{\"@type\":\"EntryPoint\",\"urlTemplate\":\"https:\\\/\\\/nnm-brandenburg.de\\\/?s={search_term_string}\"},\"query-input\":{\"@type\":\"PropertyValueSpecification\",\"valueRequired\":true,\"valueName\":\"search_term_string\"}}],\"inLanguage\":\"de\"},{\"@type\":\"Organization\",\"@id\":\"https:\\\/\\\/nnm-brandenburg.de\\\/#organization\",\"name\":\"Netzwerk Neue Musik Brandenburg\",\"url\":\"https:\\\/\\\/nnm-brandenburg.de\\\/\",\"logo\":{\"@type\":\"ImageObject\",\"inLanguage\":\"de\",\"@id\":\"https:\\\/\\\/nnm-brandenburg.de\\\/#\\\/schema\\\/logo\\\/image\\\/\",\"url\":\"https:\\\/\\\/nnm-brandenburg.de\\\/nnm\\\/wp-content\\\/uploads\\\/2020\\\/02\\\/lmr_logo_sign_vorn.png\",\"contentUrl\":\"https:\\\/\\\/nnm-brandenburg.de\\\/nnm\\\/wp-content\\\/uploads\\\/2020\\\/02\\\/lmr_logo_sign_vorn.png\",\"width\":1920,\"height\":472,\"caption\":\"Netzwerk Neue Musik Brandenburg\"},\"image\":{\"@id\":\"https:\\\/\\\/nnm-brandenburg.de\\\/#\\\/schema\\\/logo\\\/image\\\/\"}}]}<\/script>\n<!-- \/ Yoast SEO plugin. -->","yoast_head_json":{"title":"Philharmonisches Orchester des Staatstheaters Cottbus - netzwerk neue musik brandenburg","description":"Das Philharmonische Orchester des Staatstheaters Cottbus blickt auf eine \u00fcber hundertj\u00e4hrige Geschichte als Opern- und Konzertorchester zur\u00fcck. Seit Oktober 1912 sind Auff\u00fchrungen des theatereigenen Orchesters dokumentiert. Im Zentrum stehen die Philharmonischen Konzerte, in denen neben zentralen Werken des Repertoires Musik des 20. und 21. Jahrhunderts breiten Raum einnimmt.","robots":{"index":"index","follow":"follow","max-snippet":"max-snippet:-1","max-image-preview":"max-image-preview:large","max-video-preview":"max-video-preview:-1"},"canonical":"https:\/\/nnm-brandenburg.de\/index.php\/netzwerk\/ensembles\/philharmonisches-orchester-des-staatstheaters-cottbus\/","og_locale":"de_DE","og_type":"article","og_title":"Philharmonisches Orchester des Staatstheaters Cottbus - netzwerk neue musik brandenburg","og_description":"Das Philharmonische Orchester des Staatstheaters Cottbus blickt auf eine \u00fcber hundertj\u00e4hrige Geschichte als Opern- und Konzertorchester zur\u00fcck. Seit Oktober 1912 sind Auff\u00fchrungen des theatereigenen Orchesters dokumentiert. Im Zentrum stehen die Philharmonischen Konzerte, in denen neben zentralen Werken des Repertoires Musik des 20. und 21. Jahrhunderts breiten Raum einnimmt.","og_url":"https:\/\/nnm-brandenburg.de\/index.php\/netzwerk\/ensembles\/philharmonisches-orchester-des-staatstheaters-cottbus\/","og_site_name":"netzwerk neue musik brandenburg","article_modified_time":"2020-03-26T11:25:40+00:00","twitter_card":"summary_large_image","twitter_misc":{"Gesch\u00e4tzte Lesezeit":"2\u00a0Minuten"},"schema":{"@context":"https:\/\/schema.org","@graph":[{"@type":"WebPage","@id":"https:\/\/nnm-brandenburg.de\/index.php\/netzwerk\/ensembles\/philharmonisches-orchester-des-staatstheaters-cottbus\/","url":"https:\/\/nnm-brandenburg.de\/index.php\/netzwerk\/ensembles\/philharmonisches-orchester-des-staatstheaters-cottbus\/","name":"Philharmonisches Orchester des Staatstheaters Cottbus - netzwerk neue musik brandenburg","isPartOf":{"@id":"https:\/\/nnm-brandenburg.de\/#website"},"datePublished":"2020-02-11T11:36:10+00:00","dateModified":"2020-03-26T11:25:40+00:00","description":"Das Philharmonische Orchester des Staatstheaters Cottbus blickt auf eine \u00fcber hundertj\u00e4hrige Geschichte als Opern- und Konzertorchester zur\u00fcck. Seit Oktober 1912 sind Auff\u00fchrungen des theatereigenen Orchesters dokumentiert. Im Zentrum stehen die Philharmonischen Konzerte, in denen neben zentralen Werken des Repertoires Musik des 20. und 21. Jahrhunderts breiten Raum einnimmt.","breadcrumb":{"@id":"https:\/\/nnm-brandenburg.de\/index.php\/netzwerk\/ensembles\/philharmonisches-orchester-des-staatstheaters-cottbus\/#breadcrumb"},"inLanguage":"de","potentialAction":[{"@type":"ReadAction","target":["https:\/\/nnm-brandenburg.de\/index.php\/netzwerk\/ensembles\/philharmonisches-orchester-des-staatstheaters-cottbus\/"]}]},{"@type":"BreadcrumbList","@id":"https:\/\/nnm-brandenburg.de\/index.php\/netzwerk\/ensembles\/philharmonisches-orchester-des-staatstheaters-cottbus\/#breadcrumb","itemListElement":[{"@type":"ListItem","position":1,"name":"Startseite","item":"https:\/\/nnm-brandenburg.de\/"},{"@type":"ListItem","position":2,"name":"Netzwerk","item":"https:\/\/nnm-brandenburg.de\/index.php\/netzwerk\/"},{"@type":"ListItem","position":3,"name":"Ensembles | Orchester","item":"https:\/\/nnm-brandenburg.de\/index.php\/netzwerk\/ensembles\/"},{"@type":"ListItem","position":4,"name":"Philharmonisches Orchester des Staatstheaters Cottbus"}]},{"@type":"WebSite","@id":"https:\/\/nnm-brandenburg.de\/#website","url":"https:\/\/nnm-brandenburg.de\/","name":"Netzwerk Neue Musik Brandenburg","description":"Eine Initiative des Landesmusikrates Brandenburg","publisher":{"@id":"https:\/\/nnm-brandenburg.de\/#organization"},"potentialAction":[{"@type":"SearchAction","target":{"@type":"EntryPoint","urlTemplate":"https:\/\/nnm-brandenburg.de\/?s={search_term_string}"},"query-input":{"@type":"PropertyValueSpecification","valueRequired":true,"valueName":"search_term_string"}}],"inLanguage":"de"},{"@type":"Organization","@id":"https:\/\/nnm-brandenburg.de\/#organization","name":"Netzwerk Neue Musik Brandenburg","url":"https:\/\/nnm-brandenburg.de\/","logo":{"@type":"ImageObject","inLanguage":"de","@id":"https:\/\/nnm-brandenburg.de\/#\/schema\/logo\/image\/","url":"https:\/\/nnm-brandenburg.de\/nnm\/wp-content\/uploads\/2020\/02\/lmr_logo_sign_vorn.png","contentUrl":"https:\/\/nnm-brandenburg.de\/nnm\/wp-content\/uploads\/2020\/02\/lmr_logo_sign_vorn.png","width":1920,"height":472,"caption":"Netzwerk Neue Musik Brandenburg"},"image":{"@id":"https:\/\/nnm-brandenburg.de\/#\/schema\/logo\/image\/"}}]}},"publishpress_future_action":{"enabled":false,"date":"2026-04-25 12:32:48","action":"change-status","newStatus":"draft","terms":[],"taxonomy":"","extraData":[]},"publishpress_future_workflow_manual_trigger":{"enabledWorkflows":[]},"_links":{"self":[{"href":"https:\/\/nnm-brandenburg.de\/index.php\/wp-json\/wp\/v2\/pages\/3201","targetHints":{"allow":["GET"]}}],"collection":[{"href":"https:\/\/nnm-brandenburg.de\/index.php\/wp-json\/wp\/v2\/pages"}],"about":[{"href":"https:\/\/nnm-brandenburg.de\/index.php\/wp-json\/wp\/v2\/types\/page"}],"author":[{"embeddable":true,"href":"https:\/\/nnm-brandenburg.de\/index.php\/wp-json\/wp\/v2\/users\/1"}],"replies":[{"embeddable":true,"href":"https:\/\/nnm-brandenburg.de\/index.php\/wp-json\/wp\/v2\/comments?post=3201"}],"version-history":[{"count":8,"href":"https:\/\/nnm-brandenburg.de\/index.php\/wp-json\/wp\/v2\/pages\/3201\/revisions"}],"predecessor-version":[{"id":3361,"href":"https:\/\/nnm-brandenburg.de\/index.php\/wp-json\/wp\/v2\/pages\/3201\/revisions\/3361"}],"up":[{"embeddable":true,"href":"https:\/\/nnm-brandenburg.de\/index.php\/wp-json\/wp\/v2\/pages\/2217"}],"wp:attachment":[{"href":"https:\/\/nnm-brandenburg.de\/index.php\/wp-json\/wp\/v2\/media?parent=3201"}],"curies":[{"name":"wp","href":"https:\/\/api.w.org\/{rel}","templated":true}]}}