{"id":4079,"date":"2020-06-15T12:05:08","date_gmt":"2020-06-15T10:05:08","guid":{"rendered":"https:\/\/nnm-brandenburg.de\/nnm\/?page_id=4079"},"modified":"2023-07-18T13:01:55","modified_gmt":"2023-07-18T11:01:55","slug":"jenm-junges-ensemble-neue-musik","status":"publish","type":"page","link":"https:\/\/nnm-brandenburg.de\/index.php\/netzwerk\/ensembles\/jenm-junges-ensemble-neue-musik\/","title":{"rendered":"JENM"},"content":{"rendered":"\n<div class=\"alignnormal\"><div id=\"metaslider-id-4081\" style=\"max-width: 800px;\" class=\"ml-slider-3-109-0 metaslider metaslider-flex metaslider-4081 ml-slider has-dots-nav ms-theme-default\" role=\"region\" aria-label=\"Junges Ensemble Neue Musik\" data-height=\"400\" data-width=\"800\">\n    <div id=\"metaslider_container_4081\">\n        <div id=\"metaslider_4081\">\n            <ul class=\"slides\">\n                <li style=\"display: block; width: 100%;\" class=\"slide-4082 ms-image \" aria-roledescription=\"slide\" data-date=\"2020-06-15 11:49:39\" data-filename=\"JENM_C-VdMK_1024x517-800x400.jpg\" data-slide-type=\"image\"><img decoding=\"async\" src=\"https:\/\/nnm-brandenburg.de\/wp-content\/uploads\/2020\/06\/JENM_C-VdMK_1024x517-800x400.jpg\" height=\"400\" width=\"800\" alt class=\"slider-4081 slide-4082 msDefaultImage\" title=\"JENM | \u00a9 VdMK\"><\/li>\n            <\/ul>\n        <\/div>\n        \n    <\/div>\n<\/div><\/div>\n\n\n\n<div style=\"height:30px\" aria-hidden=\"true\" class=\"wp-block-spacer\"><\/div>\n\n\n\n<p class=\"block\">Im Jun\u00adgen Ensem\u00adble Neue Musik set\u00adzen sich jugend\u00adli\u00adche Musi\u00adke\u00adrin\u00adnen und Musi\u00adker mit Neu\u00ader und Neu\u00ades\u00adter Musik aus\u00adein\u00adan\u00adder. Unter\u00adst\u00fctzt wer\u00adden sie dabei seit Herbst 2019 von Musi\u00adke\u00adrin\u00adnen und Musi\u00adkern des K\u00f6l\u00adner Ensem\u00adble Musik\u00adfa\u00adbrik, wie der Vio\u00adli\u00adnis\u00adtin Han\u00adnah Wei\u00adrich und dem Tubis\u00adten Mel\u00advyn&nbsp;Poore.&nbsp;<\/p>\n\n\n\n<div class=\"wp-block-columns is-layout-flex wp-container-core-columns-is-layout-9d6595d7 wp-block-columns-is-layout-flex\">\n<div class=\"wp-block-column is-layout-flow wp-block-column-is-layout-flow\">\n<figure class=\"wp-block-image size-large\"><img decoding=\"async\" width=\"1024\" height=\"693\" src=\"https:\/\/nnm-brandenburg.de\/nnm\/wp-content\/uploads\/2020\/08\/logo_sw-1024x693.png\" alt class=\"wp-image-4319\" srcset=\"https:\/\/nnm-brandenburg.de\/wp-content\/uploads\/2020\/08\/logo_sw-1024x693.png 1024w, https:\/\/nnm-brandenburg.de\/wp-content\/uploads\/2020\/08\/logo_sw-300x203.png 300w, https:\/\/nnm-brandenburg.de\/wp-content\/uploads\/2020\/08\/logo_sw-768x520.png 768w, https:\/\/nnm-brandenburg.de\/wp-content\/uploads\/2020\/08\/logo_sw-1536x1040.png 1536w, https:\/\/nnm-brandenburg.de\/wp-content\/uploads\/2020\/08\/logo_sw-2048x1387.png 2048w\" sizes=\"(max-width: 1024px) 100vw, 1024px\"><\/figure>\n<\/div>\n\n\n\n<div class=\"wp-block-column is-layout-flow wp-block-column-is-layout-flow\">\n<p class=\"block\">Im 2020 gegr\u00fcn\u00adde\u00adten Ensem\u00adble ler\u00adnen die Mit\u00adglie\u00adder ihr Instru\u00adment auf eine v\u00f6l\u00adlig neue Art und Wei\u00adse ken\u00adnen, erpro\u00adben neue Spiel\u00adtech\u00adni\u00adken und Nota\u00adti\u00adons\u00adwei\u00adsen, und tau\u00adchen ein in eine f\u00fcr die meis\u00adten v\u00f6l\u00adlig neue Musik\u00adwelt des 20. und 21. Jahr\u00adhun\u00adderts. Um m\u00f6g\u00adlichst vie\u00adlen jun\u00adgen Instru\u00admen\u00adta\u00adlis\u00adtin\u00adnen und Instru\u00admen\u00adta\u00adlis\u00adten die Chan\u00adce auf die\u00adse neue musi\u00adka\u00adli\u00adsche Erfah\u00adrung zu geben, besteht zu jeder Pro\u00adben\u00adpha\u00adse die M\u00f6g\u00adlich\u00adkeit, sich f\u00fcr das Ensem\u00adble neu zu bewerben.<\/p>\n<\/div>\n<\/div>\n\n\n\n<p><\/p>\n\n\n\n<p><a href=\"https:\/\/www.vdmk-brandenburg.de\/projekt\/junges-ensemble-neue-musik\" target=\"_blank\" rel=\"noreferrer noopener\">Wei\u00adte\u00adre Infor\u00adma\u00adtio\u00adnen zum Ensem\u00adble auf der Web\u00adsite des&nbsp;VdMK<\/a><\/p>\n\n\n\n<div style=\"height:30px\" aria-hidden=\"true\" class=\"wp-block-spacer\"><\/div>\n\n\n\n<div style=\"height:150px\" aria-hidden=\"true\" class=\"wp-block-spacer\"><\/div>\n","protected":false},"excerpt":{"rendered":"<p>Im Jun\u00adgen Ensem\u00adble Neue Musik set\u00adzen sich jugend\u00adli\u00adche Musi\u00adke\u00adrin\u00adnen und Musi\u00adker mit Neu\u00ader und Neu\u00ades\u00adter Musik aus\u00adein\u00adan\u00adder. Unter\u00adst\u00fctzt wer\u00adden sie dabei seit Herbst 2019 von Musi\u00adke\u00adrin\u00adnen und Musi\u00adkern des K\u00f6l\u00adner Ensem\u00adble Musik\u00adfa\u00adbrik, wie der Vio\u00adli\u00adnis\u00adtin Han\u00adnah Wei\u00adrich und dem Tubis\u00adten Mel\u00advyn&nbsp;Poo\u00adre.&nbsp; Im 2020 gegr\u00fcn\u00adde\u00adten Ensem\u00adble ler\u00adnen die Mit\u00adglie\u00adder ihr Instrument\u2026&nbsp;<\/p>\n","protected":false},"author":1,"featured_media":0,"parent":2217,"menu_order":0,"comment_status":"closed","ping_status":"closed","template":"","meta":{"wp_typography_post_enhancements_disabled":false,"footnotes":""},"class_list":["post-4079","page","type-page","status-publish","hentry"],"yoast_head":"<!-- This site is optimized with the Yoast SEO plugin v27.5 - https:\/\/yoast.com\/product\/yoast-seo-wordpress\/ -->\n<title>JENM - netzwerk neue musik brandenburg<\/title>\n<meta name=\"description\" content=\"Das Ensemble Quillo unter der k\u00fcnstlerischen Leitung von Ursula Weiler entwickelt und vermittelt seit 15 Jahren neue, k\u00fcnstlerisch innovative Formate und hat sich seit seiner Gr\u00fcndung 2004 als Ensemble f\u00fcr zeitgen\u00f6ssische Musik im Land Brandenburg und dar\u00fcber hinaus etabliert.\" \/>\n<meta name=\"robots\" content=\"index, follow, max-snippet:-1, max-image-preview:large, max-video-preview:-1\" \/>\n<link rel=\"canonical\" href=\"https:\/\/nnm-brandenburg.de\/index.php\/netzwerk\/ensembles\/jenm-junges-ensemble-neue-musik\/\" \/>\n<meta property=\"og:locale\" content=\"de_DE\" \/>\n<meta property=\"og:type\" content=\"article\" \/>\n<meta property=\"og:title\" content=\"JENM - netzwerk neue musik brandenburg\" \/>\n<meta property=\"og:description\" content=\"Das Ensemble Quillo unter der k\u00fcnstlerischen Leitung von Ursula Weiler entwickelt und vermittelt seit 15 Jahren neue, k\u00fcnstlerisch innovative Formate und hat sich seit seiner Gr\u00fcndung 2004 als Ensemble f\u00fcr zeitgen\u00f6ssische Musik im Land Brandenburg und dar\u00fcber hinaus etabliert.\" \/>\n<meta property=\"og:url\" content=\"https:\/\/nnm-brandenburg.de\/index.php\/netzwerk\/ensembles\/jenm-junges-ensemble-neue-musik\/\" \/>\n<meta property=\"og:site_name\" content=\"netzwerk neue musik brandenburg\" \/>\n<meta property=\"article:modified_time\" content=\"2023-07-18T11:01:55+00:00\" \/>\n<meta property=\"og:image\" content=\"https:\/\/nnm-brandenburg.de\/nnm\/wp-content\/uploads\/2020\/08\/logo_sw-1024x693.png\" \/>\n<meta name=\"twitter:card\" content=\"summary_large_image\" \/>\n<meta name=\"twitter:label1\" content=\"Gesch\u00e4tzte Lesezeit\" \/>\n\t<meta name=\"twitter:data1\" content=\"1\u00a0Minute\" \/>\n<script type=\"application\/ld+json\" class=\"yoast-schema-graph\">{\"@context\":\"https:\\\/\\\/schema.org\",\"@graph\":[{\"@type\":\"WebPage\",\"@id\":\"https:\\\/\\\/nnm-brandenburg.de\\\/index.php\\\/netzwerk\\\/ensembles\\\/jenm-junges-ensemble-neue-musik\\\/\",\"url\":\"https:\\\/\\\/nnm-brandenburg.de\\\/index.php\\\/netzwerk\\\/ensembles\\\/jenm-junges-ensemble-neue-musik\\\/\",\"name\":\"JENM - netzwerk neue musik brandenburg\",\"isPartOf\":{\"@id\":\"https:\\\/\\\/nnm-brandenburg.de\\\/#website\"},\"primaryImageOfPage\":{\"@id\":\"https:\\\/\\\/nnm-brandenburg.de\\\/index.php\\\/netzwerk\\\/ensembles\\\/jenm-junges-ensemble-neue-musik\\\/#primaryimage\"},\"image\":{\"@id\":\"https:\\\/\\\/nnm-brandenburg.de\\\/index.php\\\/netzwerk\\\/ensembles\\\/jenm-junges-ensemble-neue-musik\\\/#primaryimage\"},\"thumbnailUrl\":\"https:\\\/\\\/nnm-brandenburg.de\\\/nnm\\\/wp-content\\\/uploads\\\/2020\\\/08\\\/logo_sw-1024x693.png\",\"datePublished\":\"2020-06-15T10:05:08+00:00\",\"dateModified\":\"2023-07-18T11:01:55+00:00\",\"description\":\"Das Ensemble Quillo unter der k\u00fcnstlerischen Leitung von Ursula Weiler entwickelt und vermittelt seit 15 Jahren neue, k\u00fcnstlerisch innovative Formate und hat sich seit seiner Gr\u00fcndung 2004 als Ensemble f\u00fcr zeitgen\u00f6ssische Musik im Land Brandenburg und dar\u00fcber hinaus etabliert.\",\"breadcrumb\":{\"@id\":\"https:\\\/\\\/nnm-brandenburg.de\\\/index.php\\\/netzwerk\\\/ensembles\\\/jenm-junges-ensemble-neue-musik\\\/#breadcrumb\"},\"inLanguage\":\"de\",\"potentialAction\":[{\"@type\":\"ReadAction\",\"target\":[\"https:\\\/\\\/nnm-brandenburg.de\\\/index.php\\\/netzwerk\\\/ensembles\\\/jenm-junges-ensemble-neue-musik\\\/\"]}]},{\"@type\":\"ImageObject\",\"inLanguage\":\"de\",\"@id\":\"https:\\\/\\\/nnm-brandenburg.de\\\/index.php\\\/netzwerk\\\/ensembles\\\/jenm-junges-ensemble-neue-musik\\\/#primaryimage\",\"url\":\"https:\\\/\\\/nnm-brandenburg.de\\\/nnm\\\/wp-content\\\/uploads\\\/2020\\\/08\\\/logo_sw-1024x693.png\",\"contentUrl\":\"https:\\\/\\\/nnm-brandenburg.de\\\/nnm\\\/wp-content\\\/uploads\\\/2020\\\/08\\\/logo_sw-1024x693.png\"},{\"@type\":\"BreadcrumbList\",\"@id\":\"https:\\\/\\\/nnm-brandenburg.de\\\/index.php\\\/netzwerk\\\/ensembles\\\/jenm-junges-ensemble-neue-musik\\\/#breadcrumb\",\"itemListElement\":[{\"@type\":\"ListItem\",\"position\":1,\"name\":\"Startseite\",\"item\":\"https:\\\/\\\/nnm-brandenburg.de\\\/\"},{\"@type\":\"ListItem\",\"position\":2,\"name\":\"Netzwerk\",\"item\":\"https:\\\/\\\/nnm-brandenburg.de\\\/index.php\\\/netzwerk\\\/\"},{\"@type\":\"ListItem\",\"position\":3,\"name\":\"Ensembles | Orchester\",\"item\":\"https:\\\/\\\/nnm-brandenburg.de\\\/index.php\\\/netzwerk\\\/ensembles\\\/\"},{\"@type\":\"ListItem\",\"position\":4,\"name\":\"JENM\"}]},{\"@type\":\"WebSite\",\"@id\":\"https:\\\/\\\/nnm-brandenburg.de\\\/#website\",\"url\":\"https:\\\/\\\/nnm-brandenburg.de\\\/\",\"name\":\"Netzwerk Neue Musik Brandenburg\",\"description\":\"Eine Initiative des Landesmusikrates Brandenburg\",\"publisher\":{\"@id\":\"https:\\\/\\\/nnm-brandenburg.de\\\/#organization\"},\"potentialAction\":[{\"@type\":\"SearchAction\",\"target\":{\"@type\":\"EntryPoint\",\"urlTemplate\":\"https:\\\/\\\/nnm-brandenburg.de\\\/?s={search_term_string}\"},\"query-input\":{\"@type\":\"PropertyValueSpecification\",\"valueRequired\":true,\"valueName\":\"search_term_string\"}}],\"inLanguage\":\"de\"},{\"@type\":\"Organization\",\"@id\":\"https:\\\/\\\/nnm-brandenburg.de\\\/#organization\",\"name\":\"Netzwerk Neue Musik Brandenburg\",\"url\":\"https:\\\/\\\/nnm-brandenburg.de\\\/\",\"logo\":{\"@type\":\"ImageObject\",\"inLanguage\":\"de\",\"@id\":\"https:\\\/\\\/nnm-brandenburg.de\\\/#\\\/schema\\\/logo\\\/image\\\/\",\"url\":\"https:\\\/\\\/nnm-brandenburg.de\\\/nnm\\\/wp-content\\\/uploads\\\/2020\\\/02\\\/lmr_logo_sign_vorn.png\",\"contentUrl\":\"https:\\\/\\\/nnm-brandenburg.de\\\/nnm\\\/wp-content\\\/uploads\\\/2020\\\/02\\\/lmr_logo_sign_vorn.png\",\"width\":1920,\"height\":472,\"caption\":\"Netzwerk Neue Musik Brandenburg\"},\"image\":{\"@id\":\"https:\\\/\\\/nnm-brandenburg.de\\\/#\\\/schema\\\/logo\\\/image\\\/\"}}]}<\/script>\n<!-- \/ Yoast SEO plugin. -->","yoast_head_json":{"title":"JENM - netzwerk neue musik brandenburg","description":"Das Ensemble Quillo unter der k\u00fcnstlerischen Leitung von Ursula Weiler entwickelt und vermittelt seit 15 Jahren neue, k\u00fcnstlerisch innovative Formate und hat sich seit seiner Gr\u00fcndung 2004 als Ensemble f\u00fcr zeitgen\u00f6ssische Musik im Land Brandenburg und dar\u00fcber hinaus etabliert.","robots":{"index":"index","follow":"follow","max-snippet":"max-snippet:-1","max-image-preview":"max-image-preview:large","max-video-preview":"max-video-preview:-1"},"canonical":"https:\/\/nnm-brandenburg.de\/index.php\/netzwerk\/ensembles\/jenm-junges-ensemble-neue-musik\/","og_locale":"de_DE","og_type":"article","og_title":"JENM - netzwerk neue musik brandenburg","og_description":"Das Ensemble Quillo unter der k\u00fcnstlerischen Leitung von Ursula Weiler entwickelt und vermittelt seit 15 Jahren neue, k\u00fcnstlerisch innovative Formate und hat sich seit seiner Gr\u00fcndung 2004 als Ensemble f\u00fcr zeitgen\u00f6ssische Musik im Land Brandenburg und dar\u00fcber hinaus etabliert.","og_url":"https:\/\/nnm-brandenburg.de\/index.php\/netzwerk\/ensembles\/jenm-junges-ensemble-neue-musik\/","og_site_name":"netzwerk neue musik brandenburg","article_modified_time":"2023-07-18T11:01:55+00:00","og_image":[{"url":"https:\/\/nnm-brandenburg.de\/nnm\/wp-content\/uploads\/2020\/08\/logo_sw-1024x693.png","type":"","width":"","height":""}],"twitter_card":"summary_large_image","twitter_misc":{"Gesch\u00e4tzte Lesezeit":"1\u00a0Minute"},"schema":{"@context":"https:\/\/schema.org","@graph":[{"@type":"WebPage","@id":"https:\/\/nnm-brandenburg.de\/index.php\/netzwerk\/ensembles\/jenm-junges-ensemble-neue-musik\/","url":"https:\/\/nnm-brandenburg.de\/index.php\/netzwerk\/ensembles\/jenm-junges-ensemble-neue-musik\/","name":"JENM - netzwerk neue musik brandenburg","isPartOf":{"@id":"https:\/\/nnm-brandenburg.de\/#website"},"primaryImageOfPage":{"@id":"https:\/\/nnm-brandenburg.de\/index.php\/netzwerk\/ensembles\/jenm-junges-ensemble-neue-musik\/#primaryimage"},"image":{"@id":"https:\/\/nnm-brandenburg.de\/index.php\/netzwerk\/ensembles\/jenm-junges-ensemble-neue-musik\/#primaryimage"},"thumbnailUrl":"https:\/\/nnm-brandenburg.de\/nnm\/wp-content\/uploads\/2020\/08\/logo_sw-1024x693.png","datePublished":"2020-06-15T10:05:08+00:00","dateModified":"2023-07-18T11:01:55+00:00","description":"Das Ensemble Quillo unter der k\u00fcnstlerischen Leitung von Ursula Weiler entwickelt und vermittelt seit 15 Jahren neue, k\u00fcnstlerisch innovative Formate und hat sich seit seiner Gr\u00fcndung 2004 als Ensemble f\u00fcr zeitgen\u00f6ssische Musik im Land Brandenburg und dar\u00fcber hinaus etabliert.","breadcrumb":{"@id":"https:\/\/nnm-brandenburg.de\/index.php\/netzwerk\/ensembles\/jenm-junges-ensemble-neue-musik\/#breadcrumb"},"inLanguage":"de","potentialAction":[{"@type":"ReadAction","target":["https:\/\/nnm-brandenburg.de\/index.php\/netzwerk\/ensembles\/jenm-junges-ensemble-neue-musik\/"]}]},{"@type":"ImageObject","inLanguage":"de","@id":"https:\/\/nnm-brandenburg.de\/index.php\/netzwerk\/ensembles\/jenm-junges-ensemble-neue-musik\/#primaryimage","url":"https:\/\/nnm-brandenburg.de\/nnm\/wp-content\/uploads\/2020\/08\/logo_sw-1024x693.png","contentUrl":"https:\/\/nnm-brandenburg.de\/nnm\/wp-content\/uploads\/2020\/08\/logo_sw-1024x693.png"},{"@type":"BreadcrumbList","@id":"https:\/\/nnm-brandenburg.de\/index.php\/netzwerk\/ensembles\/jenm-junges-ensemble-neue-musik\/#breadcrumb","itemListElement":[{"@type":"ListItem","position":1,"name":"Startseite","item":"https:\/\/nnm-brandenburg.de\/"},{"@type":"ListItem","position":2,"name":"Netzwerk","item":"https:\/\/nnm-brandenburg.de\/index.php\/netzwerk\/"},{"@type":"ListItem","position":3,"name":"Ensembles | Orchester","item":"https:\/\/nnm-brandenburg.de\/index.php\/netzwerk\/ensembles\/"},{"@type":"ListItem","position":4,"name":"JENM"}]},{"@type":"WebSite","@id":"https:\/\/nnm-brandenburg.de\/#website","url":"https:\/\/nnm-brandenburg.de\/","name":"Netzwerk Neue Musik Brandenburg","description":"Eine Initiative des Landesmusikrates Brandenburg","publisher":{"@id":"https:\/\/nnm-brandenburg.de\/#organization"},"potentialAction":[{"@type":"SearchAction","target":{"@type":"EntryPoint","urlTemplate":"https:\/\/nnm-brandenburg.de\/?s={search_term_string}"},"query-input":{"@type":"PropertyValueSpecification","valueRequired":true,"valueName":"search_term_string"}}],"inLanguage":"de"},{"@type":"Organization","@id":"https:\/\/nnm-brandenburg.de\/#organization","name":"Netzwerk Neue Musik Brandenburg","url":"https:\/\/nnm-brandenburg.de\/","logo":{"@type":"ImageObject","inLanguage":"de","@id":"https:\/\/nnm-brandenburg.de\/#\/schema\/logo\/image\/","url":"https:\/\/nnm-brandenburg.de\/nnm\/wp-content\/uploads\/2020\/02\/lmr_logo_sign_vorn.png","contentUrl":"https:\/\/nnm-brandenburg.de\/nnm\/wp-content\/uploads\/2020\/02\/lmr_logo_sign_vorn.png","width":1920,"height":472,"caption":"Netzwerk Neue Musik Brandenburg"},"image":{"@id":"https:\/\/nnm-brandenburg.de\/#\/schema\/logo\/image\/"}}]}},"publishpress_future_action":{"enabled":false,"date":"2026-05-17 04:15:27","action":"change-status","newStatus":"draft","terms":[],"taxonomy":"","extraData":[]},"publishpress_future_workflow_manual_trigger":{"enabledWorkflows":[]},"_links":{"self":[{"href":"https:\/\/nnm-brandenburg.de\/index.php\/wp-json\/wp\/v2\/pages\/4079","targetHints":{"allow":["GET"]}}],"collection":[{"href":"https:\/\/nnm-brandenburg.de\/index.php\/wp-json\/wp\/v2\/pages"}],"about":[{"href":"https:\/\/nnm-brandenburg.de\/index.php\/wp-json\/wp\/v2\/types\/page"}],"author":[{"embeddable":true,"href":"https:\/\/nnm-brandenburg.de\/index.php\/wp-json\/wp\/v2\/users\/1"}],"replies":[{"embeddable":true,"href":"https:\/\/nnm-brandenburg.de\/index.php\/wp-json\/wp\/v2\/comments?post=4079"}],"version-history":[{"count":23,"href":"https:\/\/nnm-brandenburg.de\/index.php\/wp-json\/wp\/v2\/pages\/4079\/revisions"}],"predecessor-version":[{"id":6545,"href":"https:\/\/nnm-brandenburg.de\/index.php\/wp-json\/wp\/v2\/pages\/4079\/revisions\/6545"}],"up":[{"embeddable":true,"href":"https:\/\/nnm-brandenburg.de\/index.php\/wp-json\/wp\/v2\/pages\/2217"}],"wp:attachment":[{"href":"https:\/\/nnm-brandenburg.de\/index.php\/wp-json\/wp\/v2\/media?parent=4079"}],"curies":[{"name":"wp","href":"https:\/\/api.w.org\/{rel}","templated":true}]}}